{"id":1007,"date":"2024-11-25T17:36:35","date_gmt":"2024-11-25T14:36:35","guid":{"rendered":"https:\/\/modebau.com.tr\/?post_type=product&#038;p=1007"},"modified":"2025-04-17T17:21:14","modified_gmt":"2025-04-17T14:21:14","slug":"nippon-paint-rusty","status":"publish","type":"product","link":"https:\/\/modebau.com.tr\/?product=nippon-paint-rusty","title":{"rendered":"Nippon Paint Rusty"},"content":{"rendered":"<p><strong>UYGULAMA<\/strong><br \/>\nMimarl\u0131k M\u00fchendislik Hizmeti veren AKER GROUP LTD. \u015eT\u0130. firmam\u0131z b\u00fcnyesinde bulunan Uzman Ekibimizden hizmet alabilirsiniz. Talep etmeniz durumunda uygulama e\u011fitim deste\u011fi ve \u00fcr\u00fcn uygulama detay bilgilendirmesi firmam\u0131z taraf\u0131ndan verilmektedir.<br \/>\n<strong>\u0130NCELTME<\/strong><br \/>\nKullan\u0131ma haz\u0131rd\u0131r.<br \/>\nKURUMA S\u00dcRES\u0130 (20\u00b0C, %65 HR\u2019de):<br \/>\n\u0130lk kuruma: 1 saat. Katlar aras\u0131: 8 saat. Son kuruma: 24 saat<br \/>\n<strong>SARF\u0130YAT<\/strong><br \/>\nY\u00fczey d\u00fczg\u00fcnl\u00fc\u011f\u00fcne ve emicili\u011fine ba\u011fl\u0131 olarak tek katta 200-240 gr\/m\u00b2\u2019dir. 1 kilosu ile tek katta 4 \u2013 5 m\u00b2 yer boyanabilir. Kesin sarfiyat i\u00e7in kontroll\u00fc numune \u00e7al\u0131\u015fmas\u0131 yap\u0131lmal\u0131d\u0131r.<br \/>\n<strong>AMBALAJ<\/strong><br \/>\n2.5 L, 1.25 L<\/p>\n","protected":false},"excerpt":{"rendered":"<p>Su bazl\u0131, paslanma ve antik metal efekt g\u00f6r\u00fcn\u00fcml\u00fc, dekoratif \u00f6zellikli son kat i\u00e7 cephe boyas\u0131d\u0131r.<\/p>\n","protected":false},"featured_media":1008,"comment_status":"open","ping_status":"closed","template":"","meta":[],"product_cat":[77,108,120],"product_tag":[],"class_list":{"0":"post-1007","1":"product","2":"type-product","3":"status-publish","4":"has-post-thumbnail","6":"product_cat-nippon-paint-boya","7":"product_cat-ozel-efekt-urun-grubu","8":"product_cat-rusty","10":"first","11":"instock","12":"shipping-taxable","13":"purchasable","14":"product-type-variable","15":"has-default-attributes"},"_links":{"self":[{"href":"https:\/\/modebau.com.tr\/index.php?rest_route=\/wp\/v2\/product\/1007","targetHints":{"allow":["GET"]}}],"collection":[{"href":"https:\/\/modebau.com.tr\/index.php?rest_route=\/wp\/v2\/product"}],"about":[{"href":"https:\/\/modebau.com.tr\/index.php?rest_route=\/wp\/v2\/types\/product"}],"replies":[{"embeddable":true,"href":"https:\/\/modebau.com.tr\/index.php?rest_route=%2Fwp%2Fv2%2Fcomments&post=1007"}],"wp:featuredmedia":[{"embeddable":true,"href":"https:\/\/modebau.com.tr\/index.php?rest_route=\/wp\/v2\/media\/1008"}],"wp:attachment":[{"href":"https:\/\/modebau.com.tr\/index.php?rest_route=%2Fwp%2Fv2%2Fmedia&parent=1007"}],"wp:term":[{"taxonomy":"product_cat","embeddable":true,"href":"https:\/\/modebau.com.tr\/index.php?rest_route=%2Fwp%2Fv2%2Fproduct_cat&post=1007"},{"taxonomy":"product_tag","embeddable":true,"href":"https:\/\/modebau.com.tr\/index.php?rest_route=%2Fwp%2Fv2%2Fproduct_tag&post=1007"}],"curies":[{"name":"wp","href":"https:\/\/api.w.org\/{rel}","templated":true}]}}