{"id":1045,"date":"2025-02-04T10:36:26","date_gmt":"2025-02-04T07:36:26","guid":{"rendered":"https:\/\/modebau.com.tr\/?post_type=product&#038;p=1045"},"modified":"2025-04-19T11:59:19","modified_gmt":"2025-04-19T08:59:19","slug":"gomme-rezervuar","status":"publish","type":"product","link":"https:\/\/modebau.com.tr\/?product=gomme-rezervuar","title":{"rendered":"G\u00f6mme Rezervuar"},"content":{"rendered":"<p><strong>Marka:<\/strong> Vitra<br \/>\n<strong>\u00dcr\u00fcn Adi<\/strong>: Vitra G\u00f6mme Rezervuar Seti (G\u00f6mme<br \/>\nRezervuar + Stop Valf + Parlak Krom Panel)<br \/>\n<strong>\u00dcr\u00fcn Kodu:<\/strong> 800-1868<br \/>\n<strong>Montaj Tipi:<\/strong> Tu\u011fla duvar i\u00e7i uygulama<br \/>\n<strong>Kullan\u0131m Tipi:<\/strong>3\/6 lt. \u00c7ift Kademeli<br \/>\n<strong>Tasarruf:<\/strong> Var(3\/6 It. ile fonksiyon)<br \/>\n<strong>Kal\u0131nl\u0131k:<\/strong> 8 cm<br \/>\n<strong>\u00c7al\u0131\u015fma Sistemi:<\/strong> Normal<br \/>\n<strong>\u00c7al\u0131\u015fma Prensibi:<\/strong> \u00c7ift kademe<br \/>\n<strong>Yetkili Servis Hizmeti<\/strong>: Var<br \/>\n<strong>\u00dccretsiz Montaj:<\/strong> Yok<br \/>\n<strong>Garanti S\u00fcresi:<\/strong> 10 y\u0131l<br \/>\n<strong>\u00dcretim Yeri:<\/strong> T\u00fcrkiye<br \/>\n<strong>Uyar\u0131 ve Genel A\u00e7\u0131klamalar:<\/strong> G\u00f6mme rezervuar, parlak krom panel, stop valf<\/p>\n","protected":false},"excerpt":{"rendered":"<p><strong>\u00dcr\u00fcn Kodu:<\/strong> 800-1868<\/p>\n","protected":false},"featured_media":1046,"comment_status":"open","ping_status":"closed","template":"","meta":[],"product_cat":[62,61,145],"product_tag":[],"class_list":{"0":"post-1045","1":"product","2":"type-product","3":"status-publish","4":"has-post-thumbnail","6":"product_cat-gomme-rezervuarlar","7":"product_cat-rezervuarlar","8":"product_cat-vitra","10":"first","11":"instock","12":"shipping-taxable","13":"purchasable","14":"product-type-simple"},"_links":{"self":[{"href":"https:\/\/modebau.com.tr\/index.php?rest_route=\/wp\/v2\/product\/1045","targetHints":{"allow":["GET"]}}],"collection":[{"href":"https:\/\/modebau.com.tr\/index.php?rest_route=\/wp\/v2\/product"}],"about":[{"href":"https:\/\/modebau.com.tr\/index.php?rest_route=\/wp\/v2\/types\/product"}],"replies":[{"embeddable":true,"href":"https:\/\/modebau.com.tr\/index.php?rest_route=%2Fwp%2Fv2%2Fcomments&post=1045"}],"wp:featuredmedia":[{"embeddable":true,"href":"https:\/\/modebau.com.tr\/index.php?rest_route=\/wp\/v2\/media\/1046"}],"wp:attachment":[{"href":"https:\/\/modebau.com.tr\/index.php?rest_route=%2Fwp%2Fv2%2Fmedia&parent=1045"}],"wp:term":[{"taxonomy":"product_cat","embeddable":true,"href":"https:\/\/modebau.com.tr\/index.php?rest_route=%2Fwp%2Fv2%2Fproduct_cat&post=1045"},{"taxonomy":"product_tag","embeddable":true,"href":"https:\/\/modebau.com.tr\/index.php?rest_route=%2Fwp%2Fv2%2Fproduct_tag&post=1045"}],"curies":[{"name":"wp","href":"https:\/\/api.w.org\/{rel}","templated":true}]}}