{"id":1053,"date":"2025-02-04T10:40:29","date_gmt":"2025-02-04T07:40:29","guid":{"rendered":"https:\/\/modebau.com.tr\/?post_type=product&#038;p=1053"},"modified":"2025-04-26T12:11:44","modified_gmt":"2025-04-26T09:11:44","slug":"metropole-lavabo-50-cm","status":"publish","type":"product","link":"https:\/\/modebau.com.tr\/?product=metropole-lavabo-50-cm","title":{"rendered":"Metropole Lavabo 50 Cm"},"content":{"rendered":"<p><strong>Marka:<\/strong> Vitra<br \/>\n<strong>\u00dcr\u00fcn Ad\u0131:<\/strong> Vitra Metropol \u00c7anak Lavab,50 cm<br \/>\n<strong>\u00dcr\u00fcn Kodu:<\/strong> 5661B003-0973<br \/>\n<strong>Seri:<\/strong> Metropole<br \/>\n<strong>Renk:<\/strong> Beyaz<br \/>\n<strong>Y\u00fczey (S\u0131r \u00d6zelli\u011fi):<\/strong> Vitra Hygiene<br \/>\n<strong>Geni\u015flik:<\/strong> 46 cm<br \/>\n<strong>Tezgah \u00dcst\u00fc Kullan\u0131m:<\/strong> Uygun<br \/>\n<strong>Ayakl\u0131 Kullan\u0131m:<\/strong> Kullan\u0131ma Uygun De\u011fil<br \/>\n<strong>Armat\u00fcr Deli\u011fi:<\/strong> Orta Armat\u00fcr Delikli<br \/>\n<strong>Su Ta\u015f\u0131ma Deli\u011fi:<\/strong> Var<br \/>\n<strong>Montaj Tipi:<\/strong> Tezgah \u00dcst\u00fc<br \/>\n<strong>Yetkili Servis Hizmeti:<\/strong> Var<br \/>\n<strong>\u00dccretsiz Montaj:<\/strong> Yok<br \/>\n<strong>Garanti S\u00fcresi:<\/strong> 10 Y\u0131l<br \/>\n<strong>\u00dcretim Yeri:<\/strong> T\u00fcrkiye<br \/>\n<strong>\u00d6l\u00e7\u00fcler:<\/strong> 460&#215;500 mm<\/p>\n","protected":false},"excerpt":{"rendered":"<p><strong>\u00dcr\u00fcn Kodu:<\/strong> 5661B003-0973<\/p>\n","protected":false},"featured_media":1054,"comment_status":"open","ping_status":"closed","template":"","meta":[],"product_cat":[55,57,145],"product_tag":[],"class_list":{"0":"post-1053","1":"product","2":"type-product","3":"status-publish","4":"has-post-thumbnail","6":"product_cat-armaturler","7":"product_cat-lavabo-bataryalari","8":"product_cat-vitra","10":"first","11":"instock","12":"shipping-taxable","13":"purchasable","14":"product-type-simple"},"_links":{"self":[{"href":"https:\/\/modebau.com.tr\/index.php?rest_route=\/wp\/v2\/product\/1053","targetHints":{"allow":["GET"]}}],"collection":[{"href":"https:\/\/modebau.com.tr\/index.php?rest_route=\/wp\/v2\/product"}],"about":[{"href":"https:\/\/modebau.com.tr\/index.php?rest_route=\/wp\/v2\/types\/product"}],"replies":[{"embeddable":true,"href":"https:\/\/modebau.com.tr\/index.php?rest_route=%2Fwp%2Fv2%2Fcomments&post=1053"}],"wp:featuredmedia":[{"embeddable":true,"href":"https:\/\/modebau.com.tr\/index.php?rest_route=\/wp\/v2\/media\/1054"}],"wp:attachment":[{"href":"https:\/\/modebau.com.tr\/index.php?rest_route=%2Fwp%2Fv2%2Fmedia&parent=1053"}],"wp:term":[{"taxonomy":"product_cat","embeddable":true,"href":"https:\/\/modebau.com.tr\/index.php?rest_route=%2Fwp%2Fv2%2Fproduct_cat&post=1053"},{"taxonomy":"product_tag","embeddable":true,"href":"https:\/\/modebau.com.tr\/index.php?rest_route=%2Fwp%2Fv2%2Fproduct_tag&post=1053"}],"curies":[{"name":"wp","href":"https:\/\/api.w.org\/{rel}","templated":true}]}}