{"id":1065,"date":"2025-02-04T10:53:10","date_gmt":"2025-02-04T07:53:10","guid":{"rendered":"https:\/\/modebau.com.tr\/?post_type=product&#038;p=1065"},"modified":"2025-04-19T11:55:05","modified_gmt":"2025-04-19T08:55:05","slug":"metropole-rim-ex-asma-klozet-vitra-fresh-deterjan-hazneli","status":"publish","type":"product","link":"https:\/\/modebau.com.tr\/?product=metropole-rim-ex-asma-klozet-vitra-fresh-deterjan-hazneli","title":{"rendered":"Metropole Rim-Ex Asma Klozet, Vitra Fresh Deterjan Hazneli"},"content":{"rendered":"<p><strong>Renk<\/strong> Beyaz<br \/>\n<strong>Y\u00fckseklik (mm)<\/strong> 340<br \/>\n<strong>Geni\u015flik (mm)<\/strong> 360<br \/>\n<strong>Derinlik (mm)<\/strong> 560<br \/>\n<strong>Tasar\u0131mc\u0131<\/strong> Noa<br \/>\n<strong>Kaplama<\/strong> Hijyen<br \/>\n<strong>Garanti S\u00fcresi<\/strong> 4<br \/>\n<strong>Klozet yerden y\u00fcksekli\u011fi<\/strong> 400 mm<br \/>\n<strong>Montaj Detay\u0131<\/strong> Gizli Montaj<br \/>\n<strong>Malzeme<\/strong> Hijyen<br \/>\n<strong>Rim \u00f6zelli\u011fi<\/strong> Rim-ex<br \/>\n<strong>Fresh<\/strong> Evet<br \/>\n<strong>Taharet Borusu<\/strong> Borulu<br \/>\n<strong>Taharet muslu\u011fu detay\u0131<\/strong> Standart<br \/>\n<strong>Tasar\u0131m \u015fekli<\/strong> K\u00f6\u015feli<br \/>\n<strong>Hazne tipi<\/strong> Derin<br \/>\n<strong>Boyut<\/strong> 56 CM<br \/>\n<strong>\u00d6zel \u00e7\u00f6z\u00fcmler<\/strong> Fresh<br \/>\n<strong>Ambalajl\u0131 \u00fcr\u00fcn \u00f6l\u00e7\u00fcs\u00fc<\/strong> 430X390X605<br \/>\n<strong>G\u00f6vde malzeme<\/strong> VC- Vitreous China<\/p>\n","protected":false},"excerpt":{"rendered":"<p>Renk Beyaz Y\u00fckseklik (mm) 340 Geni\u015flik (mm) 360 Derinlik (mm) 560 Tasar\u0131mc\u0131 Noa Kaplama Hijyen Garanti S\u00fcresi 4 Klozet yerden y\u00fcksekli\u011fi 400 mm Montaj Detay\u0131 Gizli Montaj Malzeme Hijyen Rim \u00f6zelli\u011fi Rim-ex Fresh Evet Taharet Borusu Borulu Taharet muslu\u011fu detay\u0131 Standart Tasar\u0131m \u015fekli K\u00f6\u015feli Hazne tipi Derin Boyut 56 CM \u00d6zel \u00e7\u00f6z\u00fcmler Fresh Ambalajl\u0131 \u00fcr\u00fcn \u00f6l\u00e7\u00fcs\u00fc 430X390X605 G\u00f6vde malzeme VC- Vitreous China<\/p>\n","protected":false},"featured_media":1066,"comment_status":"open","ping_status":"closed","template":"","meta":[],"product_cat":[53,145,51],"product_tag":[],"class_list":{"0":"post-1065","1":"product","2":"type-product","3":"status-publish","4":"has-post-thumbnail","6":"product_cat-klozetler","7":"product_cat-vitra","8":"product_cat-vitrifiyeler","10":"first","11":"instock","12":"shipping-taxable","13":"purchasable","14":"product-type-simple"},"_links":{"self":[{"href":"https:\/\/modebau.com.tr\/index.php?rest_route=\/wp\/v2\/product\/1065","targetHints":{"allow":["GET"]}}],"collection":[{"href":"https:\/\/modebau.com.tr\/index.php?rest_route=\/wp\/v2\/product"}],"about":[{"href":"https:\/\/modebau.com.tr\/index.php?rest_route=\/wp\/v2\/types\/product"}],"replies":[{"embeddable":true,"href":"https:\/\/modebau.com.tr\/index.php?rest_route=%2Fwp%2Fv2%2Fcomments&post=1065"}],"wp:featuredmedia":[{"embeddable":true,"href":"https:\/\/modebau.com.tr\/index.php?rest_route=\/wp\/v2\/media\/1066"}],"wp:attachment":[{"href":"https:\/\/modebau.com.tr\/index.php?rest_route=%2Fwp%2Fv2%2Fmedia&parent=1065"}],"wp:term":[{"taxonomy":"product_cat","embeddable":true,"href":"https:\/\/modebau.com.tr\/index.php?rest_route=%2Fwp%2Fv2%2Fproduct_cat&post=1065"},{"taxonomy":"product_tag","embeddable":true,"href":"https:\/\/modebau.com.tr\/index.php?rest_route=%2Fwp%2Fv2%2Fproduct_tag&post=1065"}],"curies":[{"name":"wp","href":"https:\/\/api.w.org\/{rel}","templated":true}]}}