{"id":1068,"date":"2025-02-04T10:55:28","date_gmt":"2025-02-04T07:55:28","guid":{"rendered":"https:\/\/modebau.com.tr\/?post_type=product&#038;p=1068"},"modified":"2025-04-26T12:07:21","modified_gmt":"2025-04-26T09:07:21","slug":"sento-rim-ex-asma-klozet-beyaz","status":"publish","type":"product","link":"https:\/\/modebau.com.tr\/?product=sento-rim-ex-asma-klozet-beyaz","title":{"rendered":"Sento Rim-Ex Asma Klozet Beyaz"},"content":{"rendered":"<p><strong>Teknik \u00f6zellikler<\/strong><br \/>\n<strong>Renk:<\/strong> Beyaz<br \/>\n<strong>Y\u00fckseklik:<\/strong> (mm) 340<br \/>\n<strong>Geni\u015flik:<\/strong> (mm) 365<br \/>\n<strong>Derinlik:<\/strong> (mm) 540<br \/>\n<strong>Tasar\u0131mc\u0131:<\/strong> VitrA Tasar\u0131m Ekibi<br \/>\n<strong>Kaplama: <\/strong>Hijyen<br \/>\n<strong>Garanti S\u00fcresi:<\/strong> 4 Y\u0131l<br \/>\n<strong>Klozet yerden y\u00fcksekli\u011fi:<\/strong> 400 mm<br \/>\n<strong>Montaj Detay\u0131:<\/strong> Gizli Montaj<br \/>\n<strong>Malzeme:<\/strong> Hijyen<br \/>\n<strong>Ambalajl\u0131 \u00fcr\u00fcn \u00f6l\u00e7\u00fcs\u00fc: <\/strong>405X385X560<br \/>\n<strong>Rim \u00f6zelli\u011fi:<\/strong> Rim-ex<br \/>\n<strong>Sertifika:<\/strong> KIWA<br \/>\n<strong>Taharet Borusu:<\/strong> Borulu<br \/>\n<strong>Taharet muslu\u011fu detay\u0131:<\/strong> Standart<br \/>\n<strong>Tasar\u0131m \u015fekli:<\/strong> Yuvarlak<br \/>\n<strong>Hazne tipi:<\/strong> Derin<br \/>\n<strong>Boyut: <\/strong>54 CM<br \/>\n<strong>\u00d6d\u00fcller:<\/strong> Good Design<br \/>\n<strong>G\u00f6vde malzeme:<\/strong> VC- Vitreous China<\/p>\n","protected":false},"excerpt":{"rendered":"<p><strong>\u00dcr\u00fcn Kodu:<\/strong>7748B003-0559<\/p>\n","protected":false},"featured_media":1069,"comment_status":"open","ping_status":"closed","template":"","meta":[],"product_cat":[53,145,51],"product_tag":[],"class_list":{"0":"post-1068","1":"product","2":"type-product","3":"status-publish","4":"has-post-thumbnail","6":"product_cat-klozetler","7":"product_cat-vitra","8":"product_cat-vitrifiyeler","10":"first","11":"instock","12":"shipping-taxable","13":"purchasable","14":"product-type-simple"},"_links":{"self":[{"href":"https:\/\/modebau.com.tr\/index.php?rest_route=\/wp\/v2\/product\/1068","targetHints":{"allow":["GET"]}}],"collection":[{"href":"https:\/\/modebau.com.tr\/index.php?rest_route=\/wp\/v2\/product"}],"about":[{"href":"https:\/\/modebau.com.tr\/index.php?rest_route=\/wp\/v2\/types\/product"}],"replies":[{"embeddable":true,"href":"https:\/\/modebau.com.tr\/index.php?rest_route=%2Fwp%2Fv2%2Fcomments&post=1068"}],"wp:featuredmedia":[{"embeddable":true,"href":"https:\/\/modebau.com.tr\/index.php?rest_route=\/wp\/v2\/media\/1069"}],"wp:attachment":[{"href":"https:\/\/modebau.com.tr\/index.php?rest_route=%2Fwp%2Fv2%2Fmedia&parent=1068"}],"wp:term":[{"taxonomy":"product_cat","embeddable":true,"href":"https:\/\/modebau.com.tr\/index.php?rest_route=%2Fwp%2Fv2%2Fproduct_cat&post=1068"},{"taxonomy":"product_tag","embeddable":true,"href":"https:\/\/modebau.com.tr\/index.php?rest_route=%2Fwp%2Fv2%2Fproduct_tag&post=1068"}],"curies":[{"name":"wp","href":"https:\/\/api.w.org\/{rel}","templated":true}]}}