{"id":1077,"date":"2025-02-04T11:01:12","date_gmt":"2025-02-04T08:01:12","guid":{"rendered":"https:\/\/modebau.com.tr\/?post_type=product&#038;p=1077"},"modified":"2025-04-26T11:49:29","modified_gmt":"2025-04-26T08:49:29","slug":"sento-80-cm-kapakli-mat-antrasit","status":"publish","type":"product","link":"https:\/\/modebau.com.tr\/?product=sento-80-cm-kapakli-mat-antrasit","title":{"rendered":"Sento 80 Cm Kapakl\u0131 Mat Antrasit"},"content":{"rendered":"<p><strong>Teknik \u00f6zellikler<\/strong><br \/>\n<strong>Renk:<\/strong> Mat Antrasit<br \/>\n<strong>Y\u00fckseklik:<\/strong> (mm) 666<br \/>\n<strong>Geni\u015flik:<\/strong> (mm) 750<br \/>\n<strong>Derinlik:<\/strong> (mm) 496,5<br \/>\n<strong>Damlal\u0131k Dahil:<\/strong> De\u011fil<br \/>\n<strong>Driver:<\/strong> IP IP67<br \/>\n<strong>Enerji etiketi:<\/strong> G<br \/>\n<strong>Kaplama:<\/strong> Pvc<br \/>\n<strong>Kapak kaplama:<\/strong> PVC<br \/>\n<strong>Kapak Rengi:<\/strong> Mat Antrasit<br \/>\n<strong>Kapak malzeme:<\/strong> MDF<br \/>\n<strong>Kulp:<\/strong> Kulpsuz<br \/>\n<strong>Garanti S\u00fcresi: <\/strong>1 Y\u0131l<br \/>\n<strong>Kelvin: <\/strong>3000K<br \/>\n<strong>Ayd\u0131nlatma:<\/strong> switch tipi Hareket Sens\u00f6r\u00fc<br \/>\n<strong>Ayak se\u00e7ene\u011fi<\/strong> : Hay\u0131r<br \/>\n<strong>Ayd\u0131nlatma Tipi:<\/strong> Ambiyans LED<br \/>\n<strong>Malzeme:<\/strong> Pvc<br \/>\n<strong>Kapak Say\u0131s\u0131: <\/strong>2<br \/>\n<strong>Yava\u015f Kapan\u0131r:<\/strong> Evet<br \/>\n<strong>Sifon<\/strong>:Sifon Dahil De\u011fil<br \/>\n<strong>Armat\u00fcr Delik Se\u00e7ene\u011fi: <\/strong>Tek Armat\u00fcr Delikli<br \/>\n<strong>Lavabo Konumu:<\/strong> Orta Ba\u011flant\u0131 Tipi Asma<br \/>\n<strong>G\u00f6vde Rengi<\/strong>: Mat Antrasit<br \/>\n<strong>G\u00f6vde malzeme:<\/strong> MDF<br \/>\n<strong>Led Ayd\u0131nlatma:<\/strong> Evet<br \/>\n<strong>Hijyen \u00fcr\u00fcnleri:<\/strong> Evet<br \/>\n<strong>\u00d6d\u00fcller:<\/strong> Good Design<br \/>\n<strong>LED:<\/strong> IP IP44<br \/>\n<strong>L\u00fcmen:<\/strong> 170 LM<br \/>\n<strong>Kapak se\u00e7ene\u011fi:<\/strong> 2 Kapakl\u0131<br \/>\n<strong>Boyut:<\/strong> 80 CM<br \/>\n<strong>Sifon Oyu\u011fu:<\/strong> Hay\u0131r<br \/>\n<strong>Mente\u015fe Se\u00e7ene\u011fi: <\/strong>D\u00fcz<br \/>\n<strong>\u00c7ekmece\/Kapak Se\u00e7ene\u011fi:<\/strong> \u0130ki Kapakl\u0131<br \/>\n<strong>Ambalajl\u0131 \u00fcr\u00fcn \u00f6l\u00e7\u00fcs\u00fc:<\/strong> 750X496,5X666<\/p>\n","protected":false},"excerpt":{"rendered":"<p><strong>\u00dcr\u00fcn Kodu:<\/strong> 60809<\/p>\n","protected":false},"featured_media":1078,"comment_status":"open","ping_status":"closed","template":"","meta":[],"product_cat":[146,145],"product_tag":[],"class_list":{"0":"post-1077","1":"product","2":"type-product","3":"status-publish","4":"has-post-thumbnail","6":"product_cat-banyo-mobilyalari","7":"product_cat-vitra","9":"first","10":"instock","11":"shipping-taxable","12":"purchasable","13":"product-type-simple"},"_links":{"self":[{"href":"https:\/\/modebau.com.tr\/index.php?rest_route=\/wp\/v2\/product\/1077","targetHints":{"allow":["GET"]}}],"collection":[{"href":"https:\/\/modebau.com.tr\/index.php?rest_route=\/wp\/v2\/product"}],"about":[{"href":"https:\/\/modebau.com.tr\/index.php?rest_route=\/wp\/v2\/types\/product"}],"replies":[{"embeddable":true,"href":"https:\/\/modebau.com.tr\/index.php?rest_route=%2Fwp%2Fv2%2Fcomments&post=1077"}],"wp:featuredmedia":[{"embeddable":true,"href":"https:\/\/modebau.com.tr\/index.php?rest_route=\/wp\/v2\/media\/1078"}],"wp:attachment":[{"href":"https:\/\/modebau.com.tr\/index.php?rest_route=%2Fwp%2Fv2%2Fmedia&parent=1077"}],"wp:term":[{"taxonomy":"product_cat","embeddable":true,"href":"https:\/\/modebau.com.tr\/index.php?rest_route=%2Fwp%2Fv2%2Fproduct_cat&post=1077"},{"taxonomy":"product_tag","embeddable":true,"href":"https:\/\/modebau.com.tr\/index.php?rest_route=%2Fwp%2Fv2%2Fproduct_tag&post=1077"}],"curies":[{"name":"wp","href":"https:\/\/api.w.org\/{rel}","templated":true}]}}