{"id":1100,"date":"2025-02-04T11:22:56","date_gmt":"2025-02-04T08:22:56","guid":{"rendered":"https:\/\/modebau.com.tr\/?post_type=product&#038;p=1100"},"modified":"2025-04-26T11:19:39","modified_gmt":"2025-04-26T08:19:39","slug":"juno-banyo-bataryasi-krom","status":"publish","type":"product","link":"https:\/\/modebau.com.tr\/?product=juno-banyo-bataryasi-krom","title":{"rendered":"Juno Banyo Bataryas\u0131 Krom"},"content":{"rendered":"<p><strong>Marka:<\/strong> Artema<br \/>\n<strong>\u00dcr\u00fcn Ad\u0131:<\/strong> Artema Juno Banyo Bataryas\u0131<br \/>\n<strong>\u00dcr\u00fcn Kodu:<\/strong> A40868<br \/>\n<strong>Seri:<\/strong> Juno<br \/>\n<strong>Y\u00fczey Rengi:<\/strong> Krom<br \/>\n<strong>Su Tasarrufu:<\/strong> Var-perlat\u00f6r ile<br \/>\n<strong>Enerji Tasarrufu:<\/strong> Yok<br \/>\n<strong>\u00c7\u0131k\u0131\u015f Ucu Uzunlu\u011fu:<\/strong> 193 mm<br \/>\n<strong>Perlat\u00f6r \u00d6zelli\u011fi:<\/strong> Su Tasarruflu<br \/>\n<strong>Perlat\u00f6r Markas\u0131:<\/strong> Cascade<br \/>\n<strong>A\u00e7ma \/ Kapama:<\/strong> 90 derece a\u00e7ma kapama<br \/>\n<strong>Fotosel \u00d6zelli\u011fi:<\/strong> Yok<br \/>\n<strong>\u00dccretsiz Montaj:<\/strong> Yok<br \/>\n<strong>Yetkili Servis Hizmeti:<\/strong> Var<br \/>\n<strong>Garanti S\u00fcresi:<\/strong> 5 Y\u0131l<br \/>\n<strong>\u00dcretim Yeri:<\/strong> T\u00fcrkiye<br \/>\n<strong>Uyar\u0131 ve Genel A\u00e7\u0131klamalar:<\/strong> Du\u015f kumandas\u0131 kilitlemelidir.<\/p>\n","protected":false},"excerpt":{"rendered":"<p><strong>\u00dcr\u00fcn Kodu: <\/strong>A40868<\/p>\n","protected":false},"featured_media":1101,"comment_status":"open","ping_status":"closed","template":"","meta":[],"product_cat":[55,58,145],"product_tag":[],"class_list":{"0":"post-1100","1":"product","2":"type-product","3":"status-publish","4":"has-post-thumbnail","6":"product_cat-armaturler","7":"product_cat-banyo-bataryalari","8":"product_cat-vitra","10":"first","11":"instock","12":"shipping-taxable","13":"purchasable","14":"product-type-simple"},"_links":{"self":[{"href":"https:\/\/modebau.com.tr\/index.php?rest_route=\/wp\/v2\/product\/1100","targetHints":{"allow":["GET"]}}],"collection":[{"href":"https:\/\/modebau.com.tr\/index.php?rest_route=\/wp\/v2\/product"}],"about":[{"href":"https:\/\/modebau.com.tr\/index.php?rest_route=\/wp\/v2\/types\/product"}],"replies":[{"embeddable":true,"href":"https:\/\/modebau.com.tr\/index.php?rest_route=%2Fwp%2Fv2%2Fcomments&post=1100"}],"wp:featuredmedia":[{"embeddable":true,"href":"https:\/\/modebau.com.tr\/index.php?rest_route=\/wp\/v2\/media\/1101"}],"wp:attachment":[{"href":"https:\/\/modebau.com.tr\/index.php?rest_route=%2Fwp%2Fv2%2Fmedia&parent=1100"}],"wp:term":[{"taxonomy":"product_cat","embeddable":true,"href":"https:\/\/modebau.com.tr\/index.php?rest_route=%2Fwp%2Fv2%2Fproduct_cat&post=1100"},{"taxonomy":"product_tag","embeddable":true,"href":"https:\/\/modebau.com.tr\/index.php?rest_route=%2Fwp%2Fv2%2Fproduct_tag&post=1100"}],"curies":[{"name":"wp","href":"https:\/\/api.w.org\/{rel}","templated":true}]}}