{"id":1106,"date":"2025-02-04T11:26:37","date_gmt":"2025-02-04T08:26:37","guid":{"rendered":"https:\/\/modebau.com.tr\/?post_type=product&#038;p=1106"},"modified":"2025-04-26T11:17:39","modified_gmt":"2025-04-26T08:17:39","slug":"x-line-ankastre-stop-valf-siva-ustu-grubu","status":"publish","type":"product","link":"https:\/\/modebau.com.tr\/?product=x-line-ankastre-stop-valf-siva-ustu-grubu","title":{"rendered":"X Line Ankastre Stop Valf (S\u0131va \u00dcst\u00fc Grubu)"},"content":{"rendered":"<p><strong>Marka:<\/strong> Artema<br \/>\n<strong>\u00dcr\u00fcn Ad\u0131:<\/strong> Artema X-Line Ankastre Stop Valf (S\u0131va \u00dcst\u00fc Grubu)<br \/>\n<strong>\u00dcr\u00fcn Kodu:<\/strong> A41445<br \/>\n<strong>Seri:<\/strong> X-Line<br \/>\n<strong>Y\u00fczey Rengi<\/strong>: Krom<br \/>\n<strong>A\u00e7ma \/ Kapama:<\/strong> 180 derece a\u00e7ma\/kapama<br \/>\n<strong>\u00dccretsiz Montaj:<\/strong> Yok<br \/>\n<strong>Yetkili Servis Hizmeti:<\/strong> Var<br \/>\n<strong>Garanti Suresi:<\/strong> 10 yll<br \/>\n<strong>\u00dcretim Yeri:<\/strong> T\u00fcrkiye<br \/>\n<strong>Uyar\u0131 ve Genel A\u00e7\u0131klamalar:<\/strong> Kaba in\u015faat s\u0131ras\u0131nda A41441<br \/>\nVeya A41442 kullan\u0131larak s\u0131va alt\u0131 Montaj\u0131 yap\u0131lmal\u0131d\u0131r. 80 mm rozet \u00fcr\u00fcne<br \/>\ndahildir. S\u0131va alt\u0131 grubu \u00fcr\u00fcne dahil de\u011fildir<\/p>\n","protected":false},"excerpt":{"rendered":"<p><strong>\u00dcr\u00fcn Kodu:<\/strong> A41445<\/p>\n","protected":false},"featured_media":1107,"comment_status":"open","ping_status":"closed","template":"","meta":[],"product_cat":[55,58,145],"product_tag":[],"class_list":{"0":"post-1106","1":"product","2":"type-product","3":"status-publish","4":"has-post-thumbnail","6":"product_cat-armaturler","7":"product_cat-banyo-bataryalari","8":"product_cat-vitra","10":"first","11":"instock","12":"shipping-taxable","13":"purchasable","14":"product-type-simple"},"_links":{"self":[{"href":"https:\/\/modebau.com.tr\/index.php?rest_route=\/wp\/v2\/product\/1106","targetHints":{"allow":["GET"]}}],"collection":[{"href":"https:\/\/modebau.com.tr\/index.php?rest_route=\/wp\/v2\/product"}],"about":[{"href":"https:\/\/modebau.com.tr\/index.php?rest_route=\/wp\/v2\/types\/product"}],"replies":[{"embeddable":true,"href":"https:\/\/modebau.com.tr\/index.php?rest_route=%2Fwp%2Fv2%2Fcomments&post=1106"}],"wp:featuredmedia":[{"embeddable":true,"href":"https:\/\/modebau.com.tr\/index.php?rest_route=\/wp\/v2\/media\/1107"}],"wp:attachment":[{"href":"https:\/\/modebau.com.tr\/index.php?rest_route=%2Fwp%2Fv2%2Fmedia&parent=1106"}],"wp:term":[{"taxonomy":"product_cat","embeddable":true,"href":"https:\/\/modebau.com.tr\/index.php?rest_route=%2Fwp%2Fv2%2Fproduct_cat&post=1106"},{"taxonomy":"product_tag","embeddable":true,"href":"https:\/\/modebau.com.tr\/index.php?rest_route=%2Fwp%2Fv2%2Fproduct_tag&post=1106"}],"curies":[{"name":"wp","href":"https:\/\/api.w.org\/{rel}","templated":true}]}}