{"id":1117,"date":"2025-02-04T11:32:21","date_gmt":"2025-02-04T08:32:21","guid":{"rendered":"https:\/\/modebau.com.tr\/?post_type=product&#038;p=1117"},"modified":"2025-04-26T11:06:13","modified_gmt":"2025-04-26T08:06:13","slug":"ankastre-banyo-bataryasi-siva-alti","status":"publish","type":"product","link":"https:\/\/modebau.com.tr\/?product=ankastre-banyo-bataryasi-siva-alti","title":{"rendered":"Ankastre Banyo Bataryas\u0131 S\u0131va Alt\u0131"},"content":{"rendered":"<p>* Ankastre banyo bataryalar\u0131nda, s\u0131va alt\u0131, s\u0131va \u00fcst\u00fc par\u00e7alar ve \u00e7\u0131k\u0131\u015f ucu(gagas\u0131)ayr\u0131 olarak sat\u0131labilir. Sipari\u015f verirken \u00fcr\u00fcn \u00f6zelliklerindeki bu detaylara dikkate ediniz.<br \/>\n* S\u0131va alt\u0131 par\u00e7a kaba in\u015faat a\u015famas\u0131nda uygulanmal\u0131d\u0131r.<br \/>\n<strong>Marka:<\/strong> Artema<br \/>\n<strong>\u00dcr\u00fcn Ad\u0131:<\/strong> Artema Ankastre Banyo Bataryas\u0131 (S\u0131va Alt\u0131 Grubu)<br \/>\n<strong>\u00dcr\u00fcn Kodu:<\/strong> A41949<br \/>\n<strong>Su Tasarrufu:<\/strong> Yok<br \/>\n<strong>Enerji Tasarrufu:<\/strong> Yok<br \/>\n<strong>Fotosel \u00d6zelli\u011fi:<\/strong> Yok<br \/>\n<strong>Sifon Kumandas\u0131:<\/strong> Yok<br \/>\n<strong>\u00dccretsiz Montaj:<\/strong> Yok<br \/>\n<strong>Yetkili Servis Hizmeti:<\/strong> Var<br \/>\n<strong>Garanti S\u00fcresi: <\/strong>7 y\u0131l<br \/>\n<strong>\u00dcretim Yeri:<\/strong> T\u00fcrkiye<br \/>\n<strong>Uyar\u0131 ve Genel A\u00e7\u0131klamalar:<\/strong> S\u0131va \u00fcst\u00fc grubu \u00fcr\u00fcne dahil de\u011fildir. Kaba in\u015faat s\u0131ras\u0131nda s\u0131va alt\u0131 montaj\u0131 yap\u0131lmal\u0131d\u0131r<\/p>\n","protected":false},"excerpt":{"rendered":"<p><strong>\u00dcr\u00fcn Kodu: <\/strong>A41949<\/p>\n","protected":false},"featured_media":1118,"comment_status":"open","ping_status":"closed","template":"","meta":[],"product_cat":[55,58,145],"product_tag":[],"class_list":{"0":"post-1117","1":"product","2":"type-product","3":"status-publish","4":"has-post-thumbnail","6":"product_cat-armaturler","7":"product_cat-banyo-bataryalari","8":"product_cat-vitra","10":"first","11":"instock","12":"shipping-taxable","13":"purchasable","14":"product-type-simple"},"_links":{"self":[{"href":"https:\/\/modebau.com.tr\/index.php?rest_route=\/wp\/v2\/product\/1117","targetHints":{"allow":["GET"]}}],"collection":[{"href":"https:\/\/modebau.com.tr\/index.php?rest_route=\/wp\/v2\/product"}],"about":[{"href":"https:\/\/modebau.com.tr\/index.php?rest_route=\/wp\/v2\/types\/product"}],"replies":[{"embeddable":true,"href":"https:\/\/modebau.com.tr\/index.php?rest_route=%2Fwp%2Fv2%2Fcomments&post=1117"}],"wp:featuredmedia":[{"embeddable":true,"href":"https:\/\/modebau.com.tr\/index.php?rest_route=\/wp\/v2\/media\/1118"}],"wp:attachment":[{"href":"https:\/\/modebau.com.tr\/index.php?rest_route=%2Fwp%2Fv2%2Fmedia&parent=1117"}],"wp:term":[{"taxonomy":"product_cat","embeddable":true,"href":"https:\/\/modebau.com.tr\/index.php?rest_route=%2Fwp%2Fv2%2Fproduct_cat&post=1117"},{"taxonomy":"product_tag","embeddable":true,"href":"https:\/\/modebau.com.tr\/index.php?rest_route=%2Fwp%2Fv2%2Fproduct_tag&post=1117"}],"curies":[{"name":"wp","href":"https:\/\/api.w.org\/{rel}","templated":true}]}}