{"id":1131,"date":"2025-02-04T11:39:18","date_gmt":"2025-02-04T08:39:18","guid":{"rendered":"https:\/\/modebau.com.tr\/?post_type=product&#038;p=1131"},"modified":"2025-02-28T12:48:44","modified_gmt":"2025-02-28T09:48:44","slug":"ankastre-lavabo-bataryasi-siva-alti","status":"publish","type":"product","link":"https:\/\/modebau.com.tr\/?product=ankastre-lavabo-bataryasi-siva-alti","title":{"rendered":"Ankastre Lavabo Bataryas\u0131 S\u0131va Alt\u0131"},"content":{"rendered":"<p><strong>Renk<\/strong> Krom<br \/>\n<strong>Y\u00fckseklik (mm)<\/strong> 183<br \/>\n<strong>Geni\u015flik (mm)<\/strong> 85<br \/>\n<strong>Derinlik (mm)<\/strong> 115<br \/>\n<strong>Tasar\u0131mc\u0131<\/strong> VitrA Tasar\u0131m Ekibi<br \/>\n<strong>Garanti S\u00fcresi<\/strong> 4<br \/>\n<strong>Montaj Tipi<\/strong> Ankastre<br \/>\n<strong>Sertifika<\/strong> ACS<br \/>\n<strong>G\u00f6vde malzeme<\/strong> Pirin\u00e7<br \/>\n<strong>Su giri\u015f say\u0131s\u0131<\/strong> \u00c7ift giri\u015fli<br \/>\n<strong>\u00c7\u0131k\u0131\u015fucu d\u00f6nme a\u00e7\u0131s\u0131<\/strong> Sabit<br \/>\n<strong>Delik say\u0131s\u0131<\/strong> 5<br \/>\n<strong>Fonksiyon Say\u0131s\u0131<\/strong> 6<br \/>\n<strong>Ambalajl\u0131 \u00fcr\u00fcn \u00f6l\u00e7\u00fcs\u00fc<\/strong> 215X135X105<\/p>\n","protected":false},"excerpt":{"rendered":"<p>\u00dcr\u00fcn Kodu: <strong>A42230<\/strong><\/p>\n","protected":false},"featured_media":1132,"comment_status":"open","ping_status":"closed","template":"","meta":[],"product_cat":[15],"product_tag":[],"class_list":{"0":"post-1131","1":"product","2":"type-product","3":"status-publish","4":"has-post-thumbnail","6":"product_cat-genel","8":"first","9":"instock","10":"shipping-taxable","11":"purchasable","12":"product-type-simple"},"_links":{"self":[{"href":"https:\/\/modebau.com.tr\/index.php?rest_route=\/wp\/v2\/product\/1131","targetHints":{"allow":["GET"]}}],"collection":[{"href":"https:\/\/modebau.com.tr\/index.php?rest_route=\/wp\/v2\/product"}],"about":[{"href":"https:\/\/modebau.com.tr\/index.php?rest_route=\/wp\/v2\/types\/product"}],"replies":[{"embeddable":true,"href":"https:\/\/modebau.com.tr\/index.php?rest_route=%2Fwp%2Fv2%2Fcomments&post=1131"}],"wp:featuredmedia":[{"embeddable":true,"href":"https:\/\/modebau.com.tr\/index.php?rest_route=\/wp\/v2\/media\/1132"}],"wp:attachment":[{"href":"https:\/\/modebau.com.tr\/index.php?rest_route=%2Fwp%2Fv2%2Fmedia&parent=1131"}],"wp:term":[{"taxonomy":"product_cat","embeddable":true,"href":"https:\/\/modebau.com.tr\/index.php?rest_route=%2Fwp%2Fv2%2Fproduct_cat&post=1131"},{"taxonomy":"product_tag","embeddable":true,"href":"https:\/\/modebau.com.tr\/index.php?rest_route=%2Fwp%2Fv2%2Fproduct_tag&post=1131"}],"curies":[{"name":"wp","href":"https:\/\/api.w.org\/{rel}","templated":true}]}}