{"id":1134,"date":"2025-02-04T11:40:53","date_gmt":"2025-02-04T08:40:53","guid":{"rendered":"https:\/\/modebau.com.tr\/?post_type=product&#038;p=1134"},"modified":"2025-04-26T11:01:05","modified_gmt":"2025-04-26T08:01:05","slug":"solid-s-lavabo-bataryasi-krom","status":"publish","type":"product","link":"https:\/\/modebau.com.tr\/?product=solid-s-lavabo-bataryasi-krom","title":{"rendered":"Solid S Lavabo Bataryas\u0131 Krom"},"content":{"rendered":"<p><strong>Renk<\/strong> Krom<br \/>\n<strong>Y\u00fckseklik (mm)<\/strong> 143<br \/>\n<strong>Geni\u015flik (mm)<\/strong> 48<br \/>\n<strong>Derinlik (mm)<\/strong> 150<br \/>\n<strong>Garanti S\u00fcresi<\/strong> 4<br \/>\n<strong>Ambalajl\u0131 \u00fcr\u00fcn \u00f6l\u00e7\u00fcs\u00fc<\/strong> 190X170X75<br \/>\n<strong>Tasar\u0131mc\u0131<\/strong> VitrA Tasar\u0131m Ekibi<br \/>\n<strong>Delik say\u0131s\u0131<\/strong> 5<br \/>\n<strong>Hava ile kar\u0131\u015ft\u0131rma \u00f6zelli\u011fi<\/strong> Evet<br \/>\n<strong>Montaj Tipi<\/strong> Tezgah \u00dczeri<br \/>\n<strong>Perlat\u00f6r<\/strong> Standart<br \/>\n<strong>G\u00f6vde malzeme<\/strong> Pirin\u00e7<br \/>\n<strong>Kartu\u015f<\/strong> Is\u0131 ve Debi Ayarl\u0131<br \/>\n<strong>Su giri\u015f say\u0131s\u0131<\/strong> \u00c7ift giri\u015fli<br \/>\n<strong>\u00c7al\u0131\u015fma bas\u0131nc\u0131<\/strong> 0,5-10 Bar(Tav.Edilen:1-5 Bar)<\/p>\n","protected":false},"excerpt":{"rendered":"<p><strong>\u00dcr\u00fcn Kodu:<\/strong> A42444<\/p>\n","protected":false},"featured_media":1135,"comment_status":"open","ping_status":"closed","template":"","meta":[],"product_cat":[55,57,145],"product_tag":[],"class_list":{"0":"post-1134","1":"product","2":"type-product","3":"status-publish","4":"has-post-thumbnail","6":"product_cat-armaturler","7":"product_cat-lavabo-bataryalari","8":"product_cat-vitra","10":"first","11":"instock","12":"shipping-taxable","13":"purchasable","14":"product-type-simple"},"_links":{"self":[{"href":"https:\/\/modebau.com.tr\/index.php?rest_route=\/wp\/v2\/product\/1134","targetHints":{"allow":["GET"]}}],"collection":[{"href":"https:\/\/modebau.com.tr\/index.php?rest_route=\/wp\/v2\/product"}],"about":[{"href":"https:\/\/modebau.com.tr\/index.php?rest_route=\/wp\/v2\/types\/product"}],"replies":[{"embeddable":true,"href":"https:\/\/modebau.com.tr\/index.php?rest_route=%2Fwp%2Fv2%2Fcomments&post=1134"}],"wp:featuredmedia":[{"embeddable":true,"href":"https:\/\/modebau.com.tr\/index.php?rest_route=\/wp\/v2\/media\/1135"}],"wp:attachment":[{"href":"https:\/\/modebau.com.tr\/index.php?rest_route=%2Fwp%2Fv2%2Fmedia&parent=1134"}],"wp:term":[{"taxonomy":"product_cat","embeddable":true,"href":"https:\/\/modebau.com.tr\/index.php?rest_route=%2Fwp%2Fv2%2Fproduct_cat&post=1134"},{"taxonomy":"product_tag","embeddable":true,"href":"https:\/\/modebau.com.tr\/index.php?rest_route=%2Fwp%2Fv2%2Fproduct_tag&post=1134"}],"curies":[{"name":"wp","href":"https:\/\/api.w.org\/{rel}","templated":true}]}}