{"id":1147,"date":"2025-02-04T17:07:33","date_gmt":"2025-02-04T14:07:33","guid":{"rendered":"https:\/\/modebau.com.tr\/?post_type=product&#038;p=1147"},"modified":"2025-04-26T10:59:07","modified_gmt":"2025-04-26T07:59:07","slug":"fold-s-banyo-bataryasi","status":"publish","type":"product","link":"https:\/\/modebau.com.tr\/?product=fold-s-banyo-bataryasi","title":{"rendered":"Fold S Banyo Bataryas\u0131"},"content":{"rendered":"<p><strong>Marka:<\/strong> Artema<br \/>\n<strong>\u00dcr\u00fcn Ad\u0131:<\/strong> Artema Fold S Banyo Bataryas\u0131<br \/>\n<strong>\u00dcr\u00fcn Kodu:<\/strong> A42535<br \/>\n<strong>Seri:<\/strong> Fold S<br \/>\n<strong>Y\u00fczey Rengi:<\/strong> Krom<br \/>\n<strong>\u00c7\u0131k\u0131\u015f Ucu Uzunlu\u011fu:<\/strong> 160 mm<br \/>\n<strong>Perlat\u00f6r \u00d6zelli\u011fi:<\/strong> Standart<br \/>\n<strong>Fotosel \u00d6zelli\u011fi:<\/strong> Yok<br \/>\n<strong>Sifon Kumandas\u0131:<\/strong> Yok<br \/>\n<strong>\u00dccretsiz Montaj:<\/strong> Yok<br \/>\n<strong>Yetkili Servis Hizmeti:<\/strong> Var<br \/>\n<strong>Garanti S\u00fcresi:<\/strong>5 y\u0131l<br \/>\n<strong>\u00dcretim Yeri:<\/strong> T\u00fcrkiye<br \/>\n<strong>Uyar\u0131 ve Genel A\u00e7\u0131klamalar:<\/strong> El d\u00fc\u015f\u00fc \u00e7\u0131k\u0131\u015f\u0131 G 1\/2tir. Du\u015f kumandas\u0131 kilitlemelidir<\/p>\n","protected":false},"excerpt":{"rendered":"<p><strong>\u00dcr\u00fcn Kodu:<\/strong> A42535<\/p>\n","protected":false},"featured_media":1148,"comment_status":"open","ping_status":"closed","template":"","meta":[],"product_cat":[55,58,145],"product_tag":[],"class_list":{"0":"post-1147","1":"product","2":"type-product","3":"status-publish","4":"has-post-thumbnail","6":"product_cat-armaturler","7":"product_cat-banyo-bataryalari","8":"product_cat-vitra","10":"first","11":"instock","12":"shipping-taxable","13":"purchasable","14":"product-type-simple"},"_links":{"self":[{"href":"https:\/\/modebau.com.tr\/index.php?rest_route=\/wp\/v2\/product\/1147","targetHints":{"allow":["GET"]}}],"collection":[{"href":"https:\/\/modebau.com.tr\/index.php?rest_route=\/wp\/v2\/product"}],"about":[{"href":"https:\/\/modebau.com.tr\/index.php?rest_route=\/wp\/v2\/types\/product"}],"replies":[{"embeddable":true,"href":"https:\/\/modebau.com.tr\/index.php?rest_route=%2Fwp%2Fv2%2Fcomments&post=1147"}],"wp:featuredmedia":[{"embeddable":true,"href":"https:\/\/modebau.com.tr\/index.php?rest_route=\/wp\/v2\/media\/1148"}],"wp:attachment":[{"href":"https:\/\/modebau.com.tr\/index.php?rest_route=%2Fwp%2Fv2%2Fmedia&parent=1147"}],"wp:term":[{"taxonomy":"product_cat","embeddable":true,"href":"https:\/\/modebau.com.tr\/index.php?rest_route=%2Fwp%2Fv2%2Fproduct_cat&post=1147"},{"taxonomy":"product_tag","embeddable":true,"href":"https:\/\/modebau.com.tr\/index.php?rest_route=%2Fwp%2Fv2%2Fproduct_tag&post=1147"}],"curies":[{"name":"wp","href":"https:\/\/api.w.org\/{rel}","templated":true}]}}