{"id":1176,"date":"2025-02-04T18:13:08","date_gmt":"2025-02-04T15:13:08","guid":{"rendered":"https:\/\/modebau.com.tr\/?post_type=product&#038;p=1176"},"modified":"2025-04-26T10:51:34","modified_gmt":"2025-04-26T07:51:34","slug":"root-round-lavabo-bataryasi","status":"publish","type":"product","link":"https:\/\/modebau.com.tr\/?product=root-round-lavabo-bataryasi","title":{"rendered":"Root Round Lavabo Bataryas\u0131 (\u00c7anak)"},"content":{"rendered":"<p><strong>Renk:<\/strong> Krom<br \/>\n<strong>Y\u00fckseklik (mm):<\/strong> 315<br \/>\n<strong>Geni\u015flik (mm):<\/strong> 46<br \/>\n<strong>Derinlik (mm):<\/strong> 223<br \/>\n<strong>Kolay montaj \u00f6zelli\u011fi:<\/strong> Evet<br \/>\n<strong>Kaplama:<\/strong> Krom<br \/>\n<strong>Garanti S\u00fcresi:<\/strong> 4<br \/>\n<strong>Malzeme:<\/strong> Krom<br \/>\n<strong>Hava ile kar\u0131\u015ft\u0131rma \u00f6zelli\u011fi:<\/strong> Evet<br \/>\n<strong>Montaj Tipi:<\/strong> Tezgah \u00dczeri<br \/>\n<strong>Spiral malzemesi:<\/strong> Paslanmaz \u00c7elik \u00d6rg\u00fcl\u00fc EPDM<br \/>\n<strong>Spiral:<\/strong> Length 700<br \/>\n<strong>\u00c7\u0131k\u0131\u015f Ucu Uzunlu\u011fu:<\/strong> 180<br \/>\n<strong>Su tasarruf s\u0131n\u0131f\u0131:<\/strong> Koyu Ye\u015fil (0 &lt; Debi \u2264 6)<br \/>\n<strong>Perlat\u00f6r:<\/strong> K\u0131sa<br \/>\n<strong>Rozet \u00e7ap\u0131:<\/strong> D50<br \/>\n<strong>G\u00f6vde malzeme:<\/strong> Pirin\u00e7<br \/>\n<strong>Kartu\u015f:<\/strong> Is\u0131 ve Debi Ayarl\u0131<br \/>\n<strong>Su giri\u015f say\u0131s\u0131:<\/strong> \u00c7ift giri\u015fli<br \/>\n<strong>\u00c7al\u0131\u015fma bas\u0131nc\u0131:<\/strong> 0,5-10 Bar(Tav.Edilen:1-5 Bar)<br \/>\n<strong>\u00c7\u0131k\u0131\u015fucu d\u00f6nme a\u00e7\u0131s\u0131:<\/strong> Sabit<br \/>\n<strong>Delik say\u0131s\u0131:<\/strong> 5<br \/>\n<strong>Fonksiyon Say\u0131s\u0131:<\/strong> 6<br \/>\n<strong>Tasar\u0131mc\u0131:<\/strong> VitrA Tasar\u0131m Ekibi<br \/>\n<strong>Ambalajl\u0131 \u00fcr\u00fcn \u00f6l\u00e7\u00fcs\u00fc:<\/strong> 360X245X70<br \/>\n<strong>\u00c7\u0131k\u0131\u015f Ucu Y\u00fcksekli\u011fi:<\/strong> 255<\/p>\n","protected":false},"excerpt":{"rendered":"<p><strong>\u00dcr\u00fcn Kodu: <\/strong>A42707<\/p>\n","protected":false},"featured_media":1177,"comment_status":"open","ping_status":"closed","template":"","meta":[],"product_cat":[57,145],"product_tag":[],"class_list":{"0":"post-1176","1":"product","2":"type-product","3":"status-publish","4":"has-post-thumbnail","6":"product_cat-lavabo-bataryalari","7":"product_cat-vitra","9":"first","10":"instock","11":"shipping-taxable","12":"purchasable","13":"product-type-simple"},"_links":{"self":[{"href":"https:\/\/modebau.com.tr\/index.php?rest_route=\/wp\/v2\/product\/1176","targetHints":{"allow":["GET"]}}],"collection":[{"href":"https:\/\/modebau.com.tr\/index.php?rest_route=\/wp\/v2\/product"}],"about":[{"href":"https:\/\/modebau.com.tr\/index.php?rest_route=\/wp\/v2\/types\/product"}],"replies":[{"embeddable":true,"href":"https:\/\/modebau.com.tr\/index.php?rest_route=%2Fwp%2Fv2%2Fcomments&post=1176"}],"wp:featuredmedia":[{"embeddable":true,"href":"https:\/\/modebau.com.tr\/index.php?rest_route=\/wp\/v2\/media\/1177"}],"wp:attachment":[{"href":"https:\/\/modebau.com.tr\/index.php?rest_route=%2Fwp%2Fv2%2Fmedia&parent=1176"}],"wp:term":[{"taxonomy":"product_cat","embeddable":true,"href":"https:\/\/modebau.com.tr\/index.php?rest_route=%2Fwp%2Fv2%2Fproduct_cat&post=1176"},{"taxonomy":"product_tag","embeddable":true,"href":"https:\/\/modebau.com.tr\/index.php?rest_route=%2Fwp%2Fv2%2Fproduct_tag&post=1176"}],"curies":[{"name":"wp","href":"https:\/\/api.w.org\/{rel}","templated":true}]}}