{"id":1240,"date":"2025-02-05T10:28:05","date_gmt":"2025-02-05T07:28:05","guid":{"rendered":"https:\/\/modebau.com.tr\/?post_type=product&#038;p=1240"},"modified":"2025-04-25T16:20:13","modified_gmt":"2025-04-25T13:20:13","slug":"vitra-dus-dirsegi","status":"publish","type":"product","link":"https:\/\/modebau.com.tr\/?product=vitra-dus-dirsegi","title":{"rendered":"Vitra Du\u015f Dirse\u011fi"},"content":{"rendered":"<p><strong>Renk:<\/strong> Krom<br \/>\n<strong>Y\u00fckseklik (mm):<\/strong> 95<br \/>\n<strong>Geni\u015flik (mm):<\/strong> 65<br \/>\n<strong>Derinlik (mm):<\/strong> 356<br \/>\n<strong>Tasar\u0131mc\u0131:<\/strong> VitrA Tasar\u0131m Ekibi<br \/>\n<strong>Kaplama:<\/strong> Krom<br \/>\n<strong>Garanti S\u00fcresi:<\/strong> 2<br \/>\n<strong>Malzeme:<\/strong> Krom<br \/>\n<strong>Montaj Tipi:<\/strong> Duvardan<br \/>\n<strong>\u00c7\u0131k\u0131\u015f Ucu Uzunlu\u011fu:<\/strong> 346<br \/>\n<strong>Sertifika:<\/strong> WRAS<br \/>\n<strong>G\u00f6vde malzeme:<\/strong> Pirin\u00e7<br \/>\n<strong>\u00c7al\u0131\u015fma bas\u0131nc\u0131:<\/strong> 0,5-5 Bar (Tav.Edilen:1-3 Bar)<br \/>\n<strong>\u00d6d\u00fcller:<\/strong> Good Design<br \/>\n<strong>Delik say\u0131s\u0131:<\/strong> 5<br \/>\n<strong>Fonksiyon Say\u0131s\u0131:<\/strong> 6<br \/>\n<strong>Ambalajl\u0131 \u00fcr\u00fcn \u00f6l\u00e7\u00fcs\u00fc:<\/strong> 88X32X375<br \/>\n<strong>Rozet \u00e7ap\u0131:<\/strong> D65<br \/>\n<strong>Su giri\u015f say\u0131s\u0131:<\/strong> Tek giri\u015fli<\/p>\n","protected":false},"excerpt":{"rendered":"<p><strong>\u00dcr\u00fcn Kodu:<\/strong> A45652<\/p>\n","protected":false},"featured_media":1241,"comment_status":"open","ping_status":"closed","template":"","meta":[],"product_cat":[55,56,145],"product_tag":[],"class_list":{"0":"post-1240","1":"product","2":"type-product","3":"status-publish","4":"has-post-thumbnail","6":"product_cat-armaturler","7":"product_cat-dus-setleri","8":"product_cat-vitra","10":"first","11":"instock","12":"shipping-taxable","13":"purchasable","14":"product-type-simple"},"_links":{"self":[{"href":"https:\/\/modebau.com.tr\/index.php?rest_route=\/wp\/v2\/product\/1240","targetHints":{"allow":["GET"]}}],"collection":[{"href":"https:\/\/modebau.com.tr\/index.php?rest_route=\/wp\/v2\/product"}],"about":[{"href":"https:\/\/modebau.com.tr\/index.php?rest_route=\/wp\/v2\/types\/product"}],"replies":[{"embeddable":true,"href":"https:\/\/modebau.com.tr\/index.php?rest_route=%2Fwp%2Fv2%2Fcomments&post=1240"}],"wp:featuredmedia":[{"embeddable":true,"href":"https:\/\/modebau.com.tr\/index.php?rest_route=\/wp\/v2\/media\/1241"}],"wp:attachment":[{"href":"https:\/\/modebau.com.tr\/index.php?rest_route=%2Fwp%2Fv2%2Fmedia&parent=1240"}],"wp:term":[{"taxonomy":"product_cat","embeddable":true,"href":"https:\/\/modebau.com.tr\/index.php?rest_route=%2Fwp%2Fv2%2Fproduct_cat&post=1240"},{"taxonomy":"product_tag","embeddable":true,"href":"https:\/\/modebau.com.tr\/index.php?rest_route=%2Fwp%2Fv2%2Fproduct_tag&post=1240"}],"curies":[{"name":"wp","href":"https:\/\/api.w.org\/{rel}","templated":true}]}}