{"id":1252,"date":"2025-02-05T10:37:06","date_gmt":"2025-02-05T07:37:06","guid":{"rendered":"https:\/\/modebau.com.tr\/?post_type=product&#038;p=1252"},"modified":"2025-04-19T10:27:30","modified_gmt":"2025-04-19T07:27:30","slug":"win-s-ankastre-set-1","status":"publish","type":"product","link":"https:\/\/modebau.com.tr\/?product=win-s-ankastre-set-1","title":{"rendered":"Win S Ankastre Set 1"},"content":{"rendered":"<p><strong>Marka:<\/strong> Artema<br \/>\n<strong>\u00dcr\u00fcn Kodu:<\/strong> A49247<br \/>\n<strong>Seri:<\/strong> Win S<br \/>\n<strong>Y\u00fczey Rengi:<\/strong> Krom<br \/>\n<strong>Su Tasarrufu:<\/strong> Var<br \/>\n<strong>Perlat\u00f6r \u00d6zelli\u011fi:<\/strong> Su tasarruflu<br \/>\n<strong>A\u00e7ma \/ Kapama:<\/strong> Tek kumandal\u0131<br \/>\n<strong>\u00dccretsiz Montaj:<\/strong> Yok<br \/>\n<strong>Yetkili Servis Hizmeti:<\/strong> var<br \/>\n<strong>Garanti Suresi: <\/strong>5 y\u0131l<br \/>\n<strong>\u00dcretim Yeri:<\/strong> T\u00fcrkiye<\/p>\n","protected":false},"excerpt":{"rendered":"<p><strong>\u00dcr\u00fcn Kodu:<\/strong> A49247<\/p>\n","protected":false},"featured_media":1253,"comment_status":"open","ping_status":"closed","template":"","meta":[],"product_cat":[55,56,145],"product_tag":[],"class_list":{"0":"post-1252","1":"product","2":"type-product","3":"status-publish","4":"has-post-thumbnail","6":"product_cat-armaturler","7":"product_cat-dus-setleri","8":"product_cat-vitra","10":"first","11":"instock","12":"shipping-taxable","13":"purchasable","14":"product-type-simple"},"_links":{"self":[{"href":"https:\/\/modebau.com.tr\/index.php?rest_route=\/wp\/v2\/product\/1252","targetHints":{"allow":["GET"]}}],"collection":[{"href":"https:\/\/modebau.com.tr\/index.php?rest_route=\/wp\/v2\/product"}],"about":[{"href":"https:\/\/modebau.com.tr\/index.php?rest_route=\/wp\/v2\/types\/product"}],"replies":[{"embeddable":true,"href":"https:\/\/modebau.com.tr\/index.php?rest_route=%2Fwp%2Fv2%2Fcomments&post=1252"}],"wp:featuredmedia":[{"embeddable":true,"href":"https:\/\/modebau.com.tr\/index.php?rest_route=\/wp\/v2\/media\/1253"}],"wp:attachment":[{"href":"https:\/\/modebau.com.tr\/index.php?rest_route=%2Fwp%2Fv2%2Fmedia&parent=1252"}],"wp:term":[{"taxonomy":"product_cat","embeddable":true,"href":"https:\/\/modebau.com.tr\/index.php?rest_route=%2Fwp%2Fv2%2Fproduct_cat&post=1252"},{"taxonomy":"product_tag","embeddable":true,"href":"https:\/\/modebau.com.tr\/index.php?rest_route=%2Fwp%2Fv2%2Fproduct_tag&post=1252"}],"curies":[{"name":"wp","href":"https:\/\/api.w.org\/{rel}","templated":true}]}}