{"id":1259,"date":"2025-02-05T15:06:13","date_gmt":"2025-02-05T12:06:13","guid":{"rendered":"https:\/\/modebau.com.tr\/?post_type=product&#038;p=1259"},"modified":"2025-04-17T17:12:33","modified_gmt":"2025-04-17T14:12:33","slug":"nippon-paint-aquatic-silikonlu-dis-cephe-boyasi-2","status":"publish","type":"product","link":"https:\/\/modebau.com.tr\/?product=nippon-paint-aquatic-silikonlu-dis-cephe-boyasi-2","title":{"rendered":"Nippon Paint Aquatic Silikonlu D\u0131\u015f Cephe Boyas\u0131"},"content":{"rendered":"<p><strong>\u00d6ZELL\u0130KLER\u0130<\/strong><br \/>\nNippon Paint Aquatic yeni labirent dokusu sayesinde duvardaki nem kolayca d\u0131\u015far\u0131 at\u0131l\u0131r ve b\u00f6ylece yap\u0131 malzeme standartlar\u0131na uygun uygulama yap\u0131ld\u0131\u011f\u0131nda boyan\u0131n d\u00f6k\u00fclmesi tamamen engellenmi\u015f olur. A\u011f\u0131r iklim \u015fartlar\u0131na kar\u015f\u0131 geli\u015ftirilen silikon ba\u011flay\u0131c\u0131 dolgu pigment sistemi sayesinde boya y\u00fczeyle tamamen b\u00fct\u00fcnle\u015fir ve uzun y\u0131llar dayan\u0131kl\u0131 kal\u0131r. Kullan\u0131lan \u00f6zel pigmentler sayesinde olu\u015fturulan fotokatalitik merkezler, y\u00fczeyde biriken kirleri okside ederek par\u00e7alar ve y\u00fczeyin temiz kalmas\u0131n\u0131 sa\u011flar. Silikon esasl\u0131 ba\u011flay\u0131c\u0131 sistemi ile y\u00fcksek UV direnci sa\u011flar. Uyguland\u0131\u011f\u0131 y\u00fczeylerdeki yay\u0131lma \u00f6zelli\u011finden dolay\u0131 kolay s\u00fcr\u00fcl\u00fcr. Zaman ve i\u015f\u00e7ilikten tasarruf sa\u011flar. Kullan\u0131rken s\u0131\u00e7ramaz ve damlamaz.<br \/>\n<strong>UYGULAMA<\/strong><br \/>\nMimarl\u0131k M\u00fchendislik Hizmeti veren\u00a0<strong>AKER GROUP LTD. \u015eT\u0130.<\/strong>\u00a0firmam\u0131z b\u00fcnyesinde bulunan Uzman Ekibimizden hizmet alabilirsiniz. Talep etmeniz durumunda uygulama e\u011fitim deste\u011fi ve \u00fcr\u00fcn uygulama detay bilgilendirmesi firmam\u0131z taraf\u0131ndan verilmektedir.<br \/>\n<strong>\u0130NCELTME:<\/strong><br \/>\nEn \u00e7ok %15 oran\u0131nda temiz su ile inceltilir. D\u0131\u015f cephe boyalar\u0131nda yap\u0131lacak y\u00fcksek metrajl\u0131 i\u015flerde \u00fcr\u00fcnlerin ayn\u0131 oranda inceltilmesine, ton farklar\u0131 olu\u015fmamas\u0131 i\u00e7in dikkat edilmelidir.<br \/>\nKURUMA S\u00dcRES\u0130 (20\u00b0C, %65 HR\u2019de):<br \/>\nDokunma Kurumas\u0131 : 1-2 saat \u0130kinci kat uygulama : 6-8 saat Son Kuruma : 24 saat<br \/>\n<strong>SARF\u0130YAT:<\/strong><br \/>\nUygulama yap\u0131lacak y\u00fczeyin cinsine, emicili\u011fine ve yap\u0131s\u0131na g\u00f6re 1 Litre ile tek katta, 6-10 m\u00b2 aras\u0131nda alan boyanabilir. Kesin sarfiyat i\u00e7in kontroll\u00fc numune \u00e7al\u0131\u015fmas\u0131 yap\u0131lmal\u0131d\u0131r.<br \/>\n<strong>AMBALAJ:<\/strong><br \/>\n13.5 L, 7.5 L, 2.5 L, 1.25 L<\/p>\n","protected":false},"excerpt":{"rendered":"<p>Yeni nesil silikon em\u00fclsiyon esasl\u0131, kendi kendini temizleyebilen, mat, fotokatalitik son kat d\u0131\u015f cephe boyas\u0131d\u0131r.<\/p>\n","protected":false},"featured_media":822,"comment_status":"open","ping_status":"closed","template":"","meta":[],"product_cat":[95,94,77],"product_tag":[],"class_list":{"0":"post-1259","1":"product","2":"type-product","3":"status-publish","4":"has-post-thumbnail","6":"product_cat-aquatic","7":"product_cat-dis-cephe-urun-grubu","8":"product_cat-nippon-paint-boya","10":"first","11":"instock","12":"shipping-taxable","13":"purchasable","14":"product-type-variable","15":"has-default-attributes"},"_links":{"self":[{"href":"https:\/\/modebau.com.tr\/index.php?rest_route=\/wp\/v2\/product\/1259","targetHints":{"allow":["GET"]}}],"collection":[{"href":"https:\/\/modebau.com.tr\/index.php?rest_route=\/wp\/v2\/product"}],"about":[{"href":"https:\/\/modebau.com.tr\/index.php?rest_route=\/wp\/v2\/types\/product"}],"replies":[{"embeddable":true,"href":"https:\/\/modebau.com.tr\/index.php?rest_route=%2Fwp%2Fv2%2Fcomments&post=1259"}],"wp:featuredmedia":[{"embeddable":true,"href":"https:\/\/modebau.com.tr\/index.php?rest_route=\/wp\/v2\/media\/822"}],"wp:attachment":[{"href":"https:\/\/modebau.com.tr\/index.php?rest_route=%2Fwp%2Fv2%2Fmedia&parent=1259"}],"wp:term":[{"taxonomy":"product_cat","embeddable":true,"href":"https:\/\/modebau.com.tr\/index.php?rest_route=%2Fwp%2Fv2%2Fproduct_cat&post=1259"},{"taxonomy":"product_tag","embeddable":true,"href":"https:\/\/modebau.com.tr\/index.php?rest_route=%2Fwp%2Fv2%2Fproduct_tag&post=1259"}],"curies":[{"name":"wp","href":"https:\/\/api.w.org\/{rel}","templated":true}]}}