{"id":1340,"date":"2025-03-01T15:35:23","date_gmt":"2025-03-01T12:35:23","guid":{"rendered":"https:\/\/modebau.com.tr\/?post_type=product&#038;p=1340"},"modified":"2025-04-25T15:57:05","modified_gmt":"2025-04-25T12:57:05","slug":"loop-t-kumanda-paneli-parlak-krom","status":"publish","type":"product","link":"https:\/\/modebau.com.tr\/?product=loop-t-kumanda-paneli-parlak-krom","title":{"rendered":"Loop T Kumanda Paneli Parlak Krom"},"content":{"rendered":"<p><strong>VitrA 740-0780 Loop T Kumanda Paneli Parlak Krom<\/strong><\/p>\n<p><strong>\u00dcr\u00fcn Bilgisi:<\/strong><br \/>\n<strong>Marka:<\/strong> Vitra<br \/>\n<strong>\u00dcr\u00fcn Ad\u0131:<\/strong> Vitra Loop T Kumanda Paneli Parlak Krom<br \/>\n<strong>\u00dcr\u00fcn Kodu:<\/strong> 740-0780<br \/>\n<strong>\u00dcr\u00fcn Rengi:<\/strong> Parlak Krom<br \/>\n<strong>Men\u015fei:<\/strong> T\u00fcrkiye<br \/>\n<strong>Garanti S\u00fcresi:<\/strong> 5 Y\u0131l<br \/>\n<strong>\u00dcr\u00fcn A\u00e7\u0131klamas\u0131:<\/strong>Mekanik kontroll\u00fc<\/p>\n","protected":false},"excerpt":{"rendered":"<p><strong>\u00dcr\u00fcn Kodu:<\/strong> <span class=\"TextRun SCXW266486013 BCX0\" lang=\"TR-TR\" xml:lang=\"TR-TR\" data-contrast=\"auto\"><span class=\"NormalTextRun SCXW266486013 BCX0\">740-0780<\/span><\/span><span class=\"EOP SCXW266486013 BCX0\" data-ccp-props=\"{}\">\u00a0<\/span><\/p>\n","protected":false},"featured_media":1341,"comment_status":"open","ping_status":"closed","template":"","meta":[],"product_cat":[63,61,145],"product_tag":[],"class_list":{"0":"post-1340","1":"product","2":"type-product","3":"status-publish","4":"has-post-thumbnail","6":"product_cat-kumanda-panelleri","7":"product_cat-rezervuarlar","8":"product_cat-vitra","10":"first","11":"instock","12":"shipping-taxable","13":"purchasable","14":"product-type-simple"},"_links":{"self":[{"href":"https:\/\/modebau.com.tr\/index.php?rest_route=\/wp\/v2\/product\/1340","targetHints":{"allow":["GET"]}}],"collection":[{"href":"https:\/\/modebau.com.tr\/index.php?rest_route=\/wp\/v2\/product"}],"about":[{"href":"https:\/\/modebau.com.tr\/index.php?rest_route=\/wp\/v2\/types\/product"}],"replies":[{"embeddable":true,"href":"https:\/\/modebau.com.tr\/index.php?rest_route=%2Fwp%2Fv2%2Fcomments&post=1340"}],"wp:featuredmedia":[{"embeddable":true,"href":"https:\/\/modebau.com.tr\/index.php?rest_route=\/wp\/v2\/media\/1341"}],"wp:attachment":[{"href":"https:\/\/modebau.com.tr\/index.php?rest_route=%2Fwp%2Fv2%2Fmedia&parent=1340"}],"wp:term":[{"taxonomy":"product_cat","embeddable":true,"href":"https:\/\/modebau.com.tr\/index.php?rest_route=%2Fwp%2Fv2%2Fproduct_cat&post=1340"},{"taxonomy":"product_tag","embeddable":true,"href":"https:\/\/modebau.com.tr\/index.php?rest_route=%2Fwp%2Fv2%2Fproduct_tag&post=1340"}],"curies":[{"name":"wp","href":"https:\/\/api.w.org\/{rel}","templated":true}]}}