{"id":1346,"date":"2025-03-01T15:41:37","date_gmt":"2025-03-01T12:41:37","guid":{"rendered":"https:\/\/modebau.com.tr\/?post_type=product&#038;p=1346"},"modified":"2025-04-19T10:22:50","modified_gmt":"2025-04-19T07:22:50","slug":"ankastre-stop-valf-siva-ustu-2","status":"publish","type":"product","link":"https:\/\/modebau.com.tr\/?product=ankastre-stop-valf-siva-ustu-2","title":{"rendered":"ANKASTRE STOP VALF"},"content":{"rendered":"<p><strong>\u00dcr\u00fcn Kodu:<\/strong>A41461<br \/>\n<strong>Teknik \u00d6zellikler<\/strong><br \/>\n<strong>Renk:<\/strong>Krom<br \/>\n<strong>Y\u00fckseklik:<\/strong> (mm)80 mm<br \/>\n<strong>Geni\u015flik:<\/strong> (mm)80 mm<br \/>\n<strong>Derinlik:<\/strong> (mm)68 mm<br \/>\n<strong>Kaplama:<\/strong>Krom<br \/>\n<strong>Malzeme:<\/strong>Krom<br \/>\n<strong>Garanti S\u00fcresi: <\/strong>4 Y\u0131l<br \/>\n<strong>Ambalajl\u0131 \u00fcr\u00fcn \u00f6l\u00e7\u00fcs\u00fc: <\/strong>95X100X75<br \/>\n<strong>Rozet \u00e7ap\u0131: <\/strong>D80<br \/>\n<strong>Montaj Tipi: <\/strong>Ankastre<br \/>\n<strong>\u00c7al\u0131\u015fma bas\u0131nc\u0131: <\/strong>0,5-10 Bar(Tav.Edilen:1-5 Bar)<\/p>\n","protected":false},"excerpt":{"rendered":"<p><strong>\u00dcr\u00fcn Kodu:<\/strong> A41461<\/p>\n","protected":false},"featured_media":1347,"comment_status":"open","ping_status":"closed","template":"","meta":[],"product_cat":[55,58,145],"product_tag":[],"class_list":{"0":"post-1346","1":"product","2":"type-product","3":"status-publish","4":"has-post-thumbnail","6":"product_cat-armaturler","7":"product_cat-banyo-bataryalari","8":"product_cat-vitra","10":"first","11":"instock","12":"shipping-taxable","13":"purchasable","14":"product-type-simple"},"_links":{"self":[{"href":"https:\/\/modebau.com.tr\/index.php?rest_route=\/wp\/v2\/product\/1346","targetHints":{"allow":["GET"]}}],"collection":[{"href":"https:\/\/modebau.com.tr\/index.php?rest_route=\/wp\/v2\/product"}],"about":[{"href":"https:\/\/modebau.com.tr\/index.php?rest_route=\/wp\/v2\/types\/product"}],"replies":[{"embeddable":true,"href":"https:\/\/modebau.com.tr\/index.php?rest_route=%2Fwp%2Fv2%2Fcomments&post=1346"}],"wp:featuredmedia":[{"embeddable":true,"href":"https:\/\/modebau.com.tr\/index.php?rest_route=\/wp\/v2\/media\/1347"}],"wp:attachment":[{"href":"https:\/\/modebau.com.tr\/index.php?rest_route=%2Fwp%2Fv2%2Fmedia&parent=1346"}],"wp:term":[{"taxonomy":"product_cat","embeddable":true,"href":"https:\/\/modebau.com.tr\/index.php?rest_route=%2Fwp%2Fv2%2Fproduct_cat&post=1346"},{"taxonomy":"product_tag","embeddable":true,"href":"https:\/\/modebau.com.tr\/index.php?rest_route=%2Fwp%2Fv2%2Fproduct_tag&post=1346"}],"curies":[{"name":"wp","href":"https:\/\/api.w.org\/{rel}","templated":true}]}}