{"id":1680,"date":"2025-03-25T11:43:56","date_gmt":"2025-03-25T08:43:56","guid":{"rendered":"https:\/\/modebau.com.tr\/?post_type=product&#038;p=1680"},"modified":"2025-04-25T14:35:58","modified_gmt":"2025-04-25T11:35:58","slug":"daikin-mck70zh-hava-temizleme-cihazi","status":"publish","type":"product","link":"https:\/\/modebau.com.tr\/?product=daikin-mck70zh-hava-temizleme-cihazi","title":{"rendered":"DAIKIN MCK70ZH Hava Temizleyici"},"content":{"rendered":"<p><strong>Hava Temizleme Cihaz\u0131 | MCK70ZH Teknik Bilgileri<\/strong><\/p>\n<ul>\n<li>Uygulama\u00a0: Yer Tipi\/Ta\u015f\u0131nabilir<\/li>\n<li>Uygulama Alan\u0131\u00a0: 96\u00a0(m<sup>2<\/sup>)<\/li>\n<li>A\u011f\u0131rl\u0131k\u00a0: 12,5 (kg)<\/li>\n<li>Boyutlar\u00a0:\u00a0851 x 384\u00a0x 390\u00a0(mm)<\/li>\n<li>Kasa\u00a0: Siyah<\/li>\n<li>Fan Tipi\u00a0: \u00c7ok B\u0131\u00e7akl\u0131 Fan (Sirocco fan)<\/li>\n<li>Hava Debisi (Hava Temizleme) (Sessiz \/ D\u00fc\u015f\u00fck \/ Orta \/ Turbo)\u00a0: 84 \/ 132 \/ 210 \/ 420\u00a0(m<sup>3<\/sup>\/h)<\/li>\n<li>Hava Debisi (Nemlendirme) (Sessiz \/ D\u00fc\u015f\u00fck \/ Orta \/ Turbo)\u00a0: 84 \/ 132 \/ 210 \/ 420 (m<sup>3<\/sup>\/h)<\/li>\n<li>Ses Bas\u0131nc\u0131 Seviyesi (Hava Temizleme) (Sessiz \/ D\u00fc\u015f\u00fck \/ Orta \/ Turbo)\u00a0: 18 \/ 27 \/ 37 \/ 54\u00a0(dBA)<\/li>\n<li>Ses Bas\u0131nc\u0131 Seviyesi (Nemlendirme) (Sessiz \/ D\u00fc\u015f\u00fck \/ Orta \/ Turbo)\u00a0: 18 \/ 27 \/ 37 \/ 54\u00a0 (dBA)<\/li>\n<li>Hava Temizleme \u0130\u015flemi (Sessiz \/ D\u00fc\u015f\u00fck \/ Orta \/ Turbo)\u00a0: 0.010 \/ 0.011 \/ 0.020 \/ 0.082\u00a0(kW)<\/li>\n<li>Nemlendirme \u0130\u015flemi (Sessiz \/ D\u00fc\u015f\u00fck \/ Orta \/ Turbo)\u00a0: 0.010 \/ 0.012 \/ 0.023 \/ 0.084 (kW)<\/li>\n<li>Su Tank\u0131 Kapasitesi\u00a0: 3,4\u00a0(l)<\/li>\n<li>Koku Giderme Y\u00f6ntemi\u00a0: Flash streamer + Koku giderme kataliz\u00f6ru<\/li>\n<li>Toz Toplama Y\u00f6ntemi\u00a0: Elektrostatik HEPA filtre<\/li>\n<li>Hava Filtresi\u00a0: Polietilen tereftalat a\u011f<\/li>\n<li>\u0130\u015faret\u00a0: Nem monit\u00f6r lambas\u0131: 5 kademeli \/ PM 2. 5 sens\u00f6r lambas\u0131: 3 kademeli \/ Koku sens\u00f6r\u00fc lambas\u0131: 3 kademeli \/ \/ Nem ayar\u0131: D\u00fc\u015f\u00fck\/Standart\/Y\u00fcksek \/ OTOMAT\u0130K FAN modu \/ Ekonomik mod \/ Anti-polen modu \/ NEM modu \/ S\u0130RK\u00dcLASYON modu \/ \u00c7ocuk korumal\u0131 kilit lambas\u0131 \/ Su besleme lambas\u0131 \/ OTOMAT\u0130K \u00e7al\u0131\u015fma lambas\u0131 \/ Flama lambas\u0131 \/ HAVA MON\u0130T\u00d6R\u00dc g\u00f6stergesi: 0\u00b5g\/m3 &#8211; 99\u00b5g (8) \/m3 \/ 0\u00b0C &#8211; 39\u00b0C,%20 &#8211; %90 \/ FAN lambalar\u0131: Sessiz\/D\u00fc\u015f\u00fck\/Standart\/Turbo \/ Nemlendirici A\u00c7MA\/KAPAMA lambas\u0131 \/ Daikin g\u00f6z\u00fc \/ HAVA MON\u0130T\u00d6R\u00dc ayar lambalar\u0131 \/ \u0130leti\u015fim lambas\u0131<\/li>\n<li>G\u00fc\u00e7 Beslemesi (Faz &#8211; Frekans &#8211; Gerilim) \u00a0: 1 &#8211; 50\/60 &#8211; 220-240\/220-30<\/li>\n<li>Uygulama Alan\u0131 :\u00a096 (m2)<\/li>\n<li>Nemlendirme \u00d6zelli\u011fi :\u00a0Var<\/li>\n<li>Koku Giderme Y\u00f6ntemi :\u00a0Flash streamer + Koku giderme kataliz\u00f6r\u00fc<\/li>\n<li>Toz Toplama Y\u00f6ntemi :\u00a0Elektrostatik HEPA filtre<\/li>\n<li>Hava Filtresi:\u00a0Polietilen Tereftalat A\u011f<\/li>\n<li>Filtre De\u011fi\u015fim S\u00fcresi:\u00a010 Y\u0131lOnecta uygulamas\u0131: i\u00e7 mekan\u0131n\u0131z\u0131 yerel a\u011f\u0131n\u0131z veya internet \u00fczerinden bir uygulama ile herhangi bir konumdan kontrol edin.<\/li>\n<li>Konutlarda 96 m\u00b2&#8217;ye kadar geni\u015f alanlar i\u00e7in optimum hava temizleme<\/li>\n<li>Daikin&#8217;in zararl\u0131 maddeleri ayr\u0131\u015ft\u0131ran &#8216;Yakala ve Temizle&#8217; yakla\u015f\u0131m\u0131 sayesinde temiz hava<\/li>\n<li>Renkli Daikin Eye ile sezgisel ekran tasar\u0131m\u0131, kullan\u0131c\u0131lar\u0131 i\u00e7 mekan hava kalitesi hakk\u0131nda bilgilendirmenin g\u00f6rsel yolu<\/li>\n<li>Avrupa pazar\u0131ndaki en sessiz Hava Temizleyici serilerinden biri<\/li>\n<li>Kolay t\u0131kanmayan, dolay\u0131s\u0131yla d\u00fc\u015f\u00fck bas\u0131n\u00e7 kayb\u0131na neden olan y\u00fcksek performansl\u0131 elektrostatik HEPA filtre<\/li>\n<li>Y\u00fcksek performansl\u0131 elektrostatik HEPA filtre sayesinde bak\u0131mlar\u0131 yap\u0131ld\u0131\u011f\u0131nda 10 y\u0131l boyunca filtre de\u011fi\u015fimi gerektirmez.<\/li>\n<\/ul>\n","protected":false},"excerpt":{"rendered":"<p>DAIKIN MCK70ZH Hava Temizleyici<\/p>\n","protected":false},"featured_media":1695,"comment_status":"open","ping_status":"closed","template":"","meta":[],"product_cat":[151,150],"product_tag":[],"class_list":{"0":"post-1680","1":"product","2":"type-product","3":"status-publish","4":"has-post-thumbnail","6":"product_cat-daikin","7":"product_cat-hava-temizleyici","9":"first","10":"instock","11":"shipping-taxable","12":"purchasable","13":"product-type-simple"},"_links":{"self":[{"href":"https:\/\/modebau.com.tr\/index.php?rest_route=\/wp\/v2\/product\/1680","targetHints":{"allow":["GET"]}}],"collection":[{"href":"https:\/\/modebau.com.tr\/index.php?rest_route=\/wp\/v2\/product"}],"about":[{"href":"https:\/\/modebau.com.tr\/index.php?rest_route=\/wp\/v2\/types\/product"}],"replies":[{"embeddable":true,"href":"https:\/\/modebau.com.tr\/index.php?rest_route=%2Fwp%2Fv2%2Fcomments&post=1680"}],"wp:featuredmedia":[{"embeddable":true,"href":"https:\/\/modebau.com.tr\/index.php?rest_route=\/wp\/v2\/media\/1695"}],"wp:attachment":[{"href":"https:\/\/modebau.com.tr\/index.php?rest_route=%2Fwp%2Fv2%2Fmedia&parent=1680"}],"wp:term":[{"taxonomy":"product_cat","embeddable":true,"href":"https:\/\/modebau.com.tr\/index.php?rest_route=%2Fwp%2Fv2%2Fproduct_cat&post=1680"},{"taxonomy":"product_tag","embeddable":true,"href":"https:\/\/modebau.com.tr\/index.php?rest_route=%2Fwp%2Fv2%2Fproduct_tag&post=1680"}],"curies":[{"name":"wp","href":"https:\/\/api.w.org\/{rel}","templated":true}]}}