{"id":1852,"date":"2025-03-27T14:11:29","date_gmt":"2025-03-27T11:11:29","guid":{"rendered":"https:\/\/modebau.com.tr\/?post_type=product&#038;p=1852"},"modified":"2025-04-25T13:08:33","modified_gmt":"2025-04-25T10:08:33","slug":"daikin-perfera-yer-tipi-inverter-split-klima","status":"publish","type":"product","link":"https:\/\/modebau.com.tr\/?product=daikin-perfera-yer-tipi-inverter-split-klima","title":{"rendered":"DAIKIN Perfera Yer Tipi Inverter Split Klima"},"content":{"rendered":"<p><strong>Perfera 9000 BTU\/h | FVXM25A Yer Tipi R32 Inverter Split Klima Teknik Bilgileri<\/strong><br \/>\n<strong>\u0130\u00c7 \u00dcN\u0130TE<\/strong><br \/>\n\u2022 So\u011futma Kapasitesi(Minimum\/Nominal\/Maksimum) : 4.436 \/ 8.189 \/ 11.942) (BTU)<br \/>\n\u2022 Is\u0131tma Kapasitesi(Minimum\/Nominal\/Maksimum) : 4.436 \/ 11.601 \/ 16.037) (BTU)<br \/>\n\u2022 So\u011futma Kapasitesi(Minimum\/Nominal\/Maksimum) : 1,30 \/2,40 \/3,50) (kW)<br \/>\n\u2022 Is\u0131tma Kapasitesi(Minimum\/Nominal\/Maksimum) : 1,30 \/3,40 \/4,70) (kW)<br \/>\n\u2022 G\u00fc\u00e7 T\u00fcketimi So\u011futma(Minimum\/Nominal\/Maksimum) : 0,52 (kW)<br \/>\n\u2022 G\u00fc\u00e7 T\u00fcketimi Is\u0131tma(Minimum\/Nominal\/Maksimum) : 0,75 (kW)<br \/>\n\u2022 Renk(G\u00f6vde) : Beyaz<br \/>\n\u2022 Boyutlar(Y\u00fckseklik x Geni\u015fllik x Derinlik) : 295x778x272 (mm)<br \/>\n\u2022 Ses G\u00fcc\u00fc Seviyesi So\u011futma(Y\u00fcksek) : 52 (dBA)<br \/>\n\u2022 Ses Bas\u0131n\u00e7 Seviyesi \/ So\u011futma(Y\u00fcksek \/ Orta \/ D\u00fc\u015f\u00fck \/ Sessiz) : 20,0 \/25,0 \/38,0 (dBA)<\/p>\n<p><strong>DI\u015e \u00dcN\u0130TE<\/strong><br \/>\n\u2022 Boyutlar(Y\u00fckseklik x Geni\u015flik x Derinlik) : 550 x765 x285 (mm)<br \/>\n\u2022 Ses G\u00fcc\u00fc Seviyesi \/ So\u011futma(Y\u00fcksek) : 58 (dBA)<br \/>\n\u2022 Ses Bas\u0131n\u00e7 Seviyesi \/ So\u011futma(Y\u00fcksek \/ Sessiz) : -\/46 (dBA)<br \/>\n\u2022 \u00c7al\u0131\u015fma S\u0131cakl\u0131k Aral\u0131\u011f\u0131 \/ So\u011futma(Ortam S\u0131cakl\u0131\u011f\u0131 Min.?Maks.) : -10~50 (\u00b0C(KT))<br \/>\n\u2022 \u00c7al\u0131\u015fma S\u0131cakl\u0131k Aral\u0131\u011f\u0131 \/ Is\u0131tma(Ortam S\u0131cakl\u0131\u011f\u0131 Min.?Maks.) : -20~24 (\u00b0C(YT))<br \/>\n\u2022 So\u011futucu Ak\u0131\u015fkan \/ GWP : R-32\/675,0<br \/>\n\u2022 \u0130lave So\u011futucu Ak\u0131\u015fkan Miktar\u0131(10 m.\u00fczerindeki boru uzunluklar\u0131 i\u00e7in.) : 20 (g\/m)<br \/>\n\u2022 Boru Ba\u011flant\u0131lar\u0131 \/ S\u0131v\u0131(D\u00dc) : 6,35 (mm)<br \/>\n\u2022 Boru Ba\u011flant\u0131lar\u0131 \/ Gaz(D\u00dc) : 9,50 (mm)<br \/>\n\u2022 Boru Uzunlu\u011fu(Toplam Maks.) : 20 (m)<br \/>\n\u2022 Boru Ba\u011flant\u0131lar\u0131 \/ Kot Fark\u0131(\u0130\u00dc &#8211; D\u00dc Maks.) : 15 (m)<br \/>\n\u2022 G\u00fc\u00e7 Beslemesi(Faz\/Frekans\/Gerilim ) : 1~\/50\/220-240 (Hz\/V)<\/p>\n<p><strong>SEZONSAL VER\u0130ML\u0130L\u0130K<\/strong><br \/>\n\u2022 So\u011futma \/ Enerji Etiketi : A+++<br \/>\n\u2022 Ortalama \u0130klim \/ Is\u0131tma \/ Enerji Etiketi : A++<br \/>\n\u2022 So\u011futma \/ SEER :8,55<br \/>\n\u2022 Is\u0131tma \/ SCOP :4,65<br \/>\n\u2022 So\u011futma \/ Ptasar\u0131m : 2,40 (kW)<br \/>\n\u2022 Is\u0131tma \/ Ptasar\u0131m : 2,30 (kW)<br \/>\n\u2022 So\u011futma \/ Y\u0131ll\u0131k Enerji T\u00fcketimi :98 (kWh)<br \/>\n\u2022 Is\u0131tma \/ Y\u0131ll\u0131k Enerji T\u00fcketimi : 692 (kWh)<\/p>\n<p><strong>NOM\u0130NAL VER\u0130ML\u0130L\u0130K<\/strong><br \/>\n\u2022 EER :4,63<br \/>\n\u2022 COP :4,55<\/p>\n<p><strong>PERFORMANS<\/strong><br \/>\n\u2022 G\u00fc\u00e7l\u00fc &#8211; Turbo Modu : Var<br \/>\n\u2022 Otomatik Fan H\u0131z\u0131 : Var<br \/>\n\u2022 So\u011futma Is\u0131tma Ge\u00e7i\u015fi : Var<br \/>\n\u2022 Fan H\u0131z\u0131 Seviyesi : Var<\/p>\n<p><strong>EKONOM\u0130<\/strong><br \/>\n\u2022 Inverter Teknolojisi : Var<br \/>\n\u2022 Ekonomi Modu : Var<br \/>\n\u2022 Ekonomik Bekleme Modu : Var<br \/>\n\u2022 Fan Modu : Var<br \/>\n\u2022 R32 So\u011futucu Gaz : Var<\/p>\n<p><strong>KONFOR<\/strong><br \/>\n\u2022 Sessiz \u0130\u00e7 \u00dcnite : Var<br \/>\n\u2022 Dikey Sal\u0131n\u0131m : Var<br \/>\n\u2022 Hava Filtresi : Var<br \/>\n\u2022 Nem D\u00fc\u015f\u00fcrme : Var<br \/>\n\u2022 Online Kontrol : Opsiyonel<br \/>\n\u2022 G\u00fcnl\u00fck Programlama : Var<br \/>\n\u2022 Uzaktan Kumanda : Var<br \/>\n\u2022 Yeniden Ba\u015flama : Var<br \/>\n\u2022 Ar\u0131za Tan\u0131mlama : Var<\/p>\n<p><strong>Perfera 12000 BTU\/h | FVXM35A Yer Tipi R32 Inverter Split Klima Teknik Bilgileri<\/strong><br \/>\n<strong>\u0130\u00c7 \u00dcN\u0130TE<\/strong><br \/>\n\u2022 So\u011futma Kapasitesi(Minimum\/Nominal\/Maksimum) : 4.777 \/ 11.601 \/ 13.648) (BTU)<br \/>\n\u2022 Is\u0131tma Kapasitesi(Minimum\/Nominal\/Maksimum) : 4.777 \/ 15.354 \/ 19.790) (BTU)<br \/>\n\u2022 So\u011futma Kapasitesi(Minimum\/Nominal\/Maksimum) : 1,40 \/3,40 \/4,00) (kW)<br \/>\n\u2022 Is\u0131tma Kapasitesi(Minimum\/Nominal\/Maksimum) : 1,40 \/4,50 \/5,80) (kW)<br \/>\n\u2022 G\u00fc\u00e7 T\u00fcketimi So\u011futma(Minimum\/Nominal\/Maksimum) : 0,83 (kW)<br \/>\n\u2022 G\u00fc\u00e7 T\u00fcketimi Is\u0131tma(Minimum\/Nominal\/Maksimum) : 1,18 (kW)<br \/>\n\u2022 Renk(G\u00f6vde) : Beyaz<br \/>\n\u2022 Boyutlar(Y\u00fckseklik x Geni\u015fllik x Derinlik) : 295x778x272 (mm)<br \/>\n\u2022 Ses G\u00fcc\u00fc Seviyesi So\u011futma(Y\u00fcksek) : 53 (dBA)<br \/>\n\u2022 Ses Bas\u0131n\u00e7 Seviyesi \/ So\u011futma(Y\u00fcksek \/ Orta \/ D\u00fc\u015f\u00fck \/ Sessiz) : 20,0 \/25,0 \/39,0 (dBA)<\/p>\n<p><strong>DI\u015e \u00dcN\u0130TE<\/strong><br \/>\n\u2022 Boyutlar(Y\u00fckseklik x Geni\u015flik x Derinlik) : 550 x765 x285 (mm)<br \/>\n\u2022 Ses G\u00fcc\u00fc Seviyesi \/ So\u011futma(Y\u00fcksek) : 61 (dBA)<br \/>\n\u2022 Ses Bas\u0131n\u00e7 Seviyesi \/ So\u011futma(Y\u00fcksek \/ Sessiz) : -\/49 (dBA)<br \/>\n\u2022 \u00c7al\u0131\u015fma S\u0131cakl\u0131k Aral\u0131\u011f\u0131 \/ So\u011futma(Ortam S\u0131cakl\u0131\u011f\u0131 Min.?Maks.) : -10~50 (\u00b0C(KT))<br \/>\n\u2022 \u00c7al\u0131\u015fma S\u0131cakl\u0131k Aral\u0131\u011f\u0131 \/ Is\u0131tma(Ortam S\u0131cakl\u0131\u011f\u0131 Min.?Maks.) : -20~24 (\u00b0C(YT))<br \/>\n\u2022 So\u011futucu Ak\u0131\u015fkan \/ GWP : R-32\/675,0<br \/>\n\u2022 \u0130lave So\u011futucu Ak\u0131\u015fkan Miktar\u0131(10 m.\u00fczerindeki boru uzunluklar\u0131 i\u00e7in.) : 20 (g\/m)<br \/>\n\u2022 Boru Ba\u011flant\u0131lar\u0131 \/ S\u0131v\u0131(D\u00dc) : 6,35 (mm)<br \/>\n\u2022 Boru Ba\u011flant\u0131lar\u0131 \/ Gaz(D\u00dc) : 9,50 (mm)<br \/>\n\u2022 Boru Uzunlu\u011fu(Toplam Maks.) : 20 (m)<br \/>\n\u2022 Boru Ba\u011flant\u0131lar\u0131 \/ Kot Fark\u0131(\u0130\u00dc &#8211; D\u00dc Maks.) : 15 (m)<br \/>\n\u2022 G\u00fc\u00e7 Beslemesi(Faz\/Frekans\/Gerilim ) : 1~\/50\/220-240 (Hz\/V)<\/p>\n<p><strong>SEZONSAL VER\u0130ML\u0130L\u0130K<\/strong><br \/>\n\u2022 So\u011futma \/ Enerji Etiketi : A++<br \/>\n\u2022 Ortalama \u0130klim \/ Is\u0131tma \/ Enerji Etiketi : A++<br \/>\n\u2022 So\u011futma \/ SEER :8,11<br \/>\n\u2022 Is\u0131tma \/ SCOP :4,63<br \/>\n\u2022 So\u011futma \/ Ptasar\u0131m : 3,40 (kW)<br \/>\n\u2022 Is\u0131tma \/ Ptasar\u0131m : 2,80 (kW)<br \/>\n\u2022 So\u011futma \/ Y\u0131ll\u0131k Enerji T\u00fcketimi :147 (kWh)<br \/>\n\u2022 Is\u0131tma \/ Y\u0131ll\u0131k Enerji T\u00fcketimi : 847 (kWh)<\/p>\n<p><strong>NOM\u0130NAL VER\u0130ML\u0130L\u0130K<\/strong><br \/>\n\u2022 EER :4,08<br \/>\n\u2022 COP :3,82<\/p>\n<p><strong>PERFORMANS<\/strong><br \/>\n\u2022 G\u00fc\u00e7l\u00fc &#8211; Turbo Modu : Var<br \/>\n\u2022 Otomatik Fan H\u0131z\u0131 : Var<br \/>\n\u2022 So\u011futma Is\u0131tma Ge\u00e7i\u015fi : Var<br \/>\n\u2022 Fan H\u0131z\u0131 Seviyesi : Var<\/p>\n<p><strong>EKONOM\u0130<\/strong><br \/>\n\u2022 Inverter Teknolojisi : Var<br \/>\n\u2022 Ekonomi Modu : Var<br \/>\n\u2022 Ekonomik Bekleme Modu : Var<br \/>\n\u2022 Fan Modu : Var<br \/>\n\u2022 R32 So\u011futucu Gaz : Var<\/p>\n<p><strong>KONFOR<\/strong><br \/>\n\u2022 Sessiz \u0130\u00e7 \u00dcnite : Var<br \/>\n\u2022 Dikey Sal\u0131n\u0131m : Var<br \/>\n\u2022 Hava Filtresi : Var<br \/>\n\u2022 Nem D\u00fc\u015f\u00fcrme : Var<br \/>\n\u2022 Online Kontrol : Opsiyonel<br \/>\n\u2022 G\u00fcnl\u00fck Programlama : Var<br \/>\n\u2022 Uzaktan Kumanda : Var<br \/>\n\u2022 Yeniden Ba\u015flama : Var<br \/>\n\u2022 Ar\u0131za Tan\u0131mlama : Var<\/p>\n<p><strong>Perfera 18000 BTU FVXM50A Yer Tipi R32 Inverter Split Klima Teknik Bilgileri<\/strong><br \/>\n<strong>\u0130\u00c7 \u00dcN\u0130TE<\/strong><br \/>\n\u2022 So\u011futma Kapasitesi(Minimum\/Nominal\/Maksimum) : 4.777 \/ 17.060 \/ 19.790) (BTU)<br \/>\n\u2022 Is\u0131tma Kapasitesi(Minimum\/Nominal\/Maksimum) : 4.777 \/ 19.790 \/ 27.638) (BTU)<br \/>\n\u2022 So\u011futma Kapasitesi(Minimum\/Nominal\/Maksimum) : 1,40 \/5,00 \/5,80) (kW)<br \/>\n\u2022 Is\u0131tma Kapasitesi(Minimum\/Nominal\/Maksimum) : 1,40 \/5,80 \/8,10) (kW)<br \/>\n\u2022 G\u00fc\u00e7 T\u00fcketimi So\u011futma(Minimum\/Nominal\/Maksimum) : 1,26 (kW)<br \/>\n\u2022 G\u00fc\u00e7 T\u00fcketimi Is\u0131tma(Minimum\/Nominal\/Maksimum) : 1,49 (kW)<br \/>\n\u2022 Renk(G\u00f6vde) : Beyaz<br \/>\n\u2022 Boyutlar(Y\u00fckseklik x Geni\u015fllik x Derinlik) : 295x778x272 (mm)<br \/>\n\u2022 Ses G\u00fcc\u00fc Seviyesi So\u011futma(Y\u00fcksek) : 62 (dBA)<br \/>\n\u2022 Ses Bas\u0131n\u00e7 Seviyesi \/ So\u011futma(Y\u00fcksek \/ Orta \/ D\u00fc\u015f\u00fck \/ Sessiz) : 27,0 \/31,0 \/44,0 (dBA)<\/p>\n<p><strong>DI\u015e \u00dcN\u0130TE<\/strong><br \/>\n\u2022 Boyutlar(Y\u00fckseklik x Geni\u015flik x Derinlik) : 734 x870 x373 (mm)<br \/>\n\u2022 Ses G\u00fcc\u00fc Seviyesi \/ So\u011futma(Y\u00fcksek) : 62 (dBA)<br \/>\n\u2022 Ses Bas\u0131n\u00e7 Seviyesi \/ So\u011futma(Y\u00fcksek \/ Sessiz) : -\/48 (dBA)<br \/>\n\u2022 \u00c7al\u0131\u015fma S\u0131cakl\u0131k Aral\u0131\u011f\u0131 \/ So\u011futma(Ortam S\u0131cakl\u0131\u011f\u0131 Min.?Maks.) : -10~50 (\u00b0C(KT))<br \/>\n\u2022 \u00c7al\u0131\u015fma S\u0131cakl\u0131k Aral\u0131\u011f\u0131 \/ Is\u0131tma(Ortam S\u0131cakl\u0131\u011f\u0131 Min.?Maks.) : -20~24 (\u00b0C(YT))<br \/>\n\u2022 So\u011futucu Ak\u0131\u015fkan \/ GWP : R-32\/675,0<br \/>\n\u2022 \u0130lave So\u011futucu Ak\u0131\u015fkan Miktar\u0131(10 m.\u00fczerindeki boru uzunluklar\u0131 i\u00e7in.) : 20 (g\/m)<br \/>\n\u2022 Boru Ba\u011flant\u0131lar\u0131 \/ S\u0131v\u0131(D\u00dc) : 6,35 (mm)<br \/>\n\u2022 Boru Ba\u011flant\u0131lar\u0131 \/ Gaz(D\u00dc) : 12,7 (mm)<br \/>\n\u2022 Boru Uzunlu\u011fu(Toplam Maks.) : 30 (m)<br \/>\n\u2022 Boru Ba\u011flant\u0131lar\u0131 \/ Kot Fark\u0131(\u0130\u00dc &#8211; D\u00dc Maks.) : 20 (m)<br \/>\n\u2022 G\u00fc\u00e7 Beslemesi(Faz\/Frekans\/Gerilim ) : 1~\/50\/220-240 (Hz\/V)<\/p>\n<p><strong>SEZONSAL VER\u0130ML\u0130L\u0130K<\/strong><br \/>\n\u2022 So\u011futma \/ Enerji Etiketi : A++<br \/>\n\u2022 Ortalama \u0130klim \/ Is\u0131tma \/ Enerji Etiketi : A+<br \/>\n\u2022 So\u011futma \/ SEER :7,30<br \/>\n\u2022 Is\u0131tma \/ SCOP :4,31<br \/>\n\u2022 So\u011futma \/ Ptasar\u0131m : 5,00 (kW)<br \/>\n\u2022 Is\u0131tma \/ Ptasar\u0131m : 4,10 (kW)<br \/>\n\u2022 So\u011futma \/ Y\u0131ll\u0131k Enerji T\u00fcketimi :240 (kWh)<br \/>\n\u2022 Is\u0131tma \/ Y\u0131ll\u0131k Enerji T\u00fcketimi : 1332 (kWh)<\/p>\n<p><strong>NOM\u0130NAL VER\u0130ML\u0130L\u0130K<\/strong><br \/>\n\u2022 EER :3,97<br \/>\n\u2022 COP :3,90<\/p>\n<p><strong>PERFORMANS<\/strong><br \/>\n\u2022 G\u00fc\u00e7l\u00fc &#8211; Turbo Modu : Var<br \/>\n\u2022 Otomatik Fan H\u0131z\u0131 : Var<br \/>\n\u2022 So\u011futma Is\u0131tma Ge\u00e7i\u015fi : Var<br \/>\n\u2022 Fan H\u0131z\u0131 Seviyesi : Var<\/p>\n<p><strong>EKONOM\u0130<\/strong><br \/>\n\u2022 Inverter Teknolojisi : Var<br \/>\n\u2022 Ekonomi Modu : Var<br \/>\n\u2022 Ekonomik Bekleme Modu : Var<br \/>\n\u2022 Fan Modu : Var<br \/>\n\u2022 R32 So\u011futucu Gaz : Var<\/p>\n<p><strong>KONFOR<\/strong><br \/>\n\u2022 Sessiz \u0130\u00e7 \u00dcnite : Var<br \/>\n\u2022 Dikey Sal\u0131n\u0131m : Var<br \/>\n\u2022 Hava Filtresi : Var<br \/>\n\u2022 Nem D\u00fc\u015f\u00fcrme : Var<br \/>\n\u2022 Online Kontrol : Opsiyonel<br \/>\n\u2022 G\u00fcnl\u00fck Programlama : Var<br \/>\n\u2022 Uzaktan Kumanda : Var<br \/>\n\u2022 Yeniden Ba\u015flama : Var<br \/>\n\u2022 Ar\u0131za Tan\u0131mlama : Var<\/p>\n","protected":false},"excerpt":{"rendered":"<p>Perfera 9000 BTU\/h | FVXM25A Yer Tipi R32 Inverter Split Klima Teknik Bilgileri \u0130\u00c7 \u00dcN\u0130TE \u2022 So\u011futma Kapasitesi(Minimum\/Nominal\/Maksimum) : 4.436 \/ 8.189 \/ 11.942) (BTU) \u2022 Is\u0131tma Kapasitesi(Minimum\/Nominal\/Maksimum) : 4.436 \/ 11.601 \/ 16.037) (BTU) \u2022 So\u011futma Kapasitesi(Minimum\/Nominal\/Maksimum) : 1,30 \/2,40 \/3,50) (kW) \u2022 Is\u0131tma Kapasitesi(Minimum\/Nominal\/Maksimum) : 1,30 \/3,40 \/4,70) (kW) \u2022 G\u00fc\u00e7 T\u00fcketimi So\u011futma(Minimum\/Nominal\/Maksimum) : 0,52 (kW) \u2022 G\u00fc\u00e7 T\u00fcketimi Is\u0131tma(Minimum\/Nominal\/Maksimum) : 0,75 (kW) \u2022 Renk(G\u00f6vde) : Beyaz \u2022&hellip;<\/p>\n","protected":false},"featured_media":1853,"comment_status":"open","ping_status":"closed","template":"","meta":[],"product_cat":[151,148],"product_tag":[],"class_list":{"0":"post-1852","1":"product","2":"type-product","3":"status-publish","4":"has-post-thumbnail","6":"product_cat-daikin","7":"product_cat-klimalar","9":"first","10":"instock","11":"shipping-taxable","12":"purchasable","13":"product-type-variable","14":"has-default-attributes"},"_links":{"self":[{"href":"https:\/\/modebau.com.tr\/index.php?rest_route=\/wp\/v2\/product\/1852","targetHints":{"allow":["GET"]}}],"collection":[{"href":"https:\/\/modebau.com.tr\/index.php?rest_route=\/wp\/v2\/product"}],"about":[{"href":"https:\/\/modebau.com.tr\/index.php?rest_route=\/wp\/v2\/types\/product"}],"replies":[{"embeddable":true,"href":"https:\/\/modebau.com.tr\/index.php?rest_route=%2Fwp%2Fv2%2Fcomments&post=1852"}],"wp:featuredmedia":[{"embeddable":true,"href":"https:\/\/modebau.com.tr\/index.php?rest_route=\/wp\/v2\/media\/1853"}],"wp:attachment":[{"href":"https:\/\/modebau.com.tr\/index.php?rest_route=%2Fwp%2Fv2%2Fmedia&parent=1852"}],"wp:term":[{"taxonomy":"product_cat","embeddable":true,"href":"https:\/\/modebau.com.tr\/index.php?rest_route=%2Fwp%2Fv2%2Fproduct_cat&post=1852"},{"taxonomy":"product_tag","embeddable":true,"href":"https:\/\/modebau.com.tr\/index.php?rest_route=%2Fwp%2Fv2%2Fproduct_tag&post=1852"}],"curies":[{"name":"wp","href":"https:\/\/api.w.org\/{rel}","templated":true}]}}