{"id":769,"date":"2024-10-29T12:19:05","date_gmt":"2024-10-29T09:19:05","guid":{"rendered":"https:\/\/modebau.com.tr\/?post_type=product&#038;p=769"},"modified":"2025-04-18T13:46:24","modified_gmt":"2025-04-18T10:46:24","slug":"nippon-paint-ahsap-emprenye","status":"publish","type":"product","link":"https:\/\/modebau.com.tr\/?product=nippon-paint-ahsap-emprenye","title":{"rendered":"Nippon Paint Ah\u015fap Emprenye"},"content":{"rendered":"<h5><strong>\u00d6ZELL\u0130KLER\u0130<\/strong><\/h5>\n<ul>\n<li style=\"margin-bottom: 0; padding-bottom: 0px;\">Ah\u015fab\u0131n mukavemetini art\u0131rd\u0131\u011f\u0131 gibi \u00fczerine gelecek olan vernik veya boya i\u00e7in \u00e7ok iyi aderans y\u00fczeyi olu\u015fturur.<\/li>\n<li style=\"margin-bottom: 0; padding-bottom: 0px;\">K\u0131sa kuruma zamanl\u0131, nem ayarlay\u0131c\u0131 ve m\u00fckemmel i\u015flenebilme yetene\u011fine sahiptir.<\/li>\n<li>Uygulanan malzemenin \u00f6mr\u00fcn\u00fc uzat\u0131r.<\/li>\n<\/ul>\n<h5><strong>UYGULAMA<\/strong><\/h5>\n<p>Mimarl\u0131k M\u00fchendislik Hizmeti veren AKER GROUP LTD. \u015eT\u0130. firmam\u0131z b\u00fcnyesinde bulunan Uzman Ekibimizden hizmet alabilirsiniz. Talep etmeniz durumunda uygulama e\u011fitim deste\u011fi ve \u00fcr\u00fcn uygulama detay bilgilendirmesi firmam\u0131z taraf\u0131ndan verilmektedir.<\/p>\n<h5><strong>\u0130NCELTME:<\/strong><\/h5>\n<p>Kullan\u0131ma haz\u0131rd\u0131r. \u0130nceltmeyiniz.<\/p>\n<h5><strong>KURUMA S\u00dcRES\u0130 (20\u00b0C, %65 HR\u2019de):<\/strong><\/h5>\n<p>Sert Kurumas\u0131: 12 saat \u00dczerine gelecek Solvent bazl\u0131 boya ve vernik uygulamas\u0131; 24 saat sonra Su bazl\u0131 boya ve vernik uygulamas\u0131, 48 saat sonra yap\u0131lmal\u0131d\u0131r beklenmelidir (daha y\u00fcksek ba\u011f\u0131l nem ve d\u00fc\u015f\u00fck s\u0131cakl\u0131kta kuruma s\u00fcresi uzayabilir).<\/p>\n<h5><strong>SARF\u0130YAT:<\/strong><\/h5>\n<p>Ah\u015fap cinsine ve emicili\u011fine ba\u011fl\u0131 olarak tek katta 1 Litre ile 8-12 m\u00b2 alana uygulama yap\u0131labilir. \u0130ki kat uygulama \u00f6nerilir. Kullan\u0131lan ah\u015fab\u0131n cinsine, y\u00fczeyin durumuna, uygulanacak kat say\u0131s\u0131na ve uygulama \u015fekline ba\u011fl\u0131 olarak renk ve sarfiyat de\u011fi\u015fikli\u011fi olabilir. Kesin sarfiyat i\u00e7in kontroll\u00fc numune \u00e7al\u0131\u015fmas\u0131 yap\u0131lmal\u0131d\u0131r.<\/p>\n<h5><strong>AMBALAJ:<\/strong><\/h5>\n<p>15 L, 2.5 L<\/p>\n","protected":false},"excerpt":{"rendered":"<p><strong>\u00dcR\u00dcN TANIMI<\/strong><\/p>\n<p>Modifiye alkid re\u00e7ine esasl\u0131, film olu\u015fturmayan, U.V. \u0131\u015f\u0131nlar\u0131na dayan\u0131kl\u0131 emprenye malzemesidir.<\/p>\n","protected":false},"featured_media":770,"comment_status":"open","ping_status":"closed","template":"","meta":[],"product_cat":[142,77,135],"product_tag":[],"class_list":{"0":"post-769","1":"product","2":"type-product","3":"status-publish","4":"has-post-thumbnail","6":"product_cat-ahsap-emprenye","7":"product_cat-nippon-paint-boya","8":"product_cat-woodcare-ahsap-koruma-sistemi-urun-grubu","10":"first","11":"instock","12":"shipping-taxable","13":"purchasable","14":"product-type-variable"},"_links":{"self":[{"href":"https:\/\/modebau.com.tr\/index.php?rest_route=\/wp\/v2\/product\/769","targetHints":{"allow":["GET"]}}],"collection":[{"href":"https:\/\/modebau.com.tr\/index.php?rest_route=\/wp\/v2\/product"}],"about":[{"href":"https:\/\/modebau.com.tr\/index.php?rest_route=\/wp\/v2\/types\/product"}],"replies":[{"embeddable":true,"href":"https:\/\/modebau.com.tr\/index.php?rest_route=%2Fwp%2Fv2%2Fcomments&post=769"}],"wp:featuredmedia":[{"embeddable":true,"href":"https:\/\/modebau.com.tr\/index.php?rest_route=\/wp\/v2\/media\/770"}],"wp:attachment":[{"href":"https:\/\/modebau.com.tr\/index.php?rest_route=%2Fwp%2Fv2%2Fmedia&parent=769"}],"wp:term":[{"taxonomy":"product_cat","embeddable":true,"href":"https:\/\/modebau.com.tr\/index.php?rest_route=%2Fwp%2Fv2%2Fproduct_cat&post=769"},{"taxonomy":"product_tag","embeddable":true,"href":"https:\/\/modebau.com.tr\/index.php?rest_route=%2Fwp%2Fv2%2Fproduct_tag&post=769"}],"curies":[{"name":"wp","href":"https:\/\/api.w.org\/{rel}","templated":true}]}}