{"id":781,"date":"2024-11-22T15:53:17","date_gmt":"2024-11-22T12:53:17","guid":{"rendered":"https:\/\/modebau.com.tr\/?post_type=product&#038;p=781"},"modified":"2025-04-18T13:43:41","modified_gmt":"2025-04-18T10:43:41","slug":"nippon-paint-aquacare-su-bazli-son-kat-vernik","status":"publish","type":"product","link":"https:\/\/modebau.com.tr\/?product=nippon-paint-aquacare-su-bazli-son-kat-vernik","title":{"rendered":"Nippon Paint AquaCare Su Bazl\u0131 Son Kat Vernik"},"content":{"rendered":"<p><strong>\u00d6ZELL\u0130KLER\u0130 <\/strong><\/p>\n<ul>\n<li style=\"padding-bottom: 0; margin-bottom: 0;\">G\u00fcne\u015fin UV \u0131\u015f\u0131nlar\u0131na kar\u015f\u0131 dayan\u0131kl\u0131 \u00f6zellik g\u00f6sterir.<\/li>\n<li style=\"padding-bottom: 0; margin-bottom: 0;\">Su itme \u00f6zelli\u011fine sahiptir. (hydroperl-effekt)<\/li>\n<li style=\"padding-bottom: 0; margin-bottom: 0;\">Modifiye poli\u00fcretan katk\u0131s\u0131 sayesinde, darbe ve d\u0131\u015f hava \u015fartlar\u0131na ekstra dayan\u0131m g\u00f6sterir.<\/li>\n<li style=\"padding-bottom: 0; margin-bottom: 0;\">Su buhar\u0131 ge\u00e7irgenli\u011fi sayesinde ah\u015fab\u0131n nefes almas\u0131n\u0131 sa\u011flar.<\/li>\n<li style=\"padding-bottom: 0; margin-bottom: 0;\">Ah\u015fab\u0131n do\u011fal dokusunu bozmayan yap\u0131ya sahiptir.<\/li>\n<li>Damlama, s\u0131\u00e7rama yapmayan yap\u0131s\u0131 ile kolay uygulan\u0131r. \u2022<\/li>\n<\/ul>\n<p>\u0130nce film tabakas\u0131 sayesinde kolay restore edilir.<\/p>\n<ul>\n<li>VOC (Volatile Organic Compounds) AB direktiflerine uygundur.<\/li>\n<li>EN71-3 Oyuncak G\u00fcvenli\u011fi Sertifikas\u0131 bulunmaktad\u0131r.<\/li>\n<\/ul>\n<p><strong>UYGULAMA<\/strong><\/p>\n<p>Mimarl\u0131k M\u00fchendislik Hizmeti veren <strong>AKER GROUP LTD. \u015eT\u0130.<\/strong> firmam\u0131z b\u00fcnyesinde bulunan Uzman Ekibimizden hizmet alabilirsiniz. Talep etmeniz durumunda uygulama e\u011fitim deste\u011fi ve \u00fcr\u00fcn uygulama detay bilgilendirmesi firmam\u0131z taraf\u0131ndan verilmektedir.<\/p>\n<p><strong>\u0130NCELTME:<\/strong><\/p>\n<p>Nippon Paint AquaCare\u00ae Su Bazl\u0131 Son Kat Vernik f\u0131r\u00e7a, rulo uygulamalar\u0131 i\u00e7in inceltilmeden kullan\u0131l\u0131r. Pistole ile uygulamalarda temiz su ile %5-10 oran\u0131nda inceltilebilir.<\/p>\n<p><strong>KURUMA S\u00dcRES\u0130 (20\u00b0C, %65 HR\u2019de): <\/strong><\/p>\n<p>\u0130kinci kat uygulamas\u0131 en erken 8 saat sonra yap\u0131lmal\u0131d\u0131r. Tam kurumas\u0131n\u0131 24 saatte tamamlar (daha y\u00fcksek ba\u011f\u0131l nem ve d\u00fc\u015f\u00fck s\u0131cakl\u0131kta kuruma s\u00fcresi uzayabilir).<\/p>\n<p><strong>SARF\u0130YAT:<\/strong><\/p>\n<p>Ah\u015fap cinsine ve emicili\u011fine ba\u011fl\u0131 olarak tek katta 1 Litre ile 10-14 m\u00b2 alana uygulama yap\u0131labilir. Kullan\u0131lan ah\u015fab\u0131n cinsine, y\u00fczeyin durumuna, uygulanacak kat say\u0131s\u0131na ve uygulama \u015fekline ba\u011fl\u0131 olarak renk ve sarfiyat de\u011fi\u015fikli\u011fi olabilir. Kesin sarfiyat i\u00e7in kontroll\u00fc numune \u00e7al\u0131\u015fmas\u0131 yap\u0131lmal\u0131d\u0131r.<\/p>\n<p><strong>AMBALAJ: <\/strong><\/p>\n<p>1,25 L<\/p>\n","protected":false},"excerpt":{"rendered":"<p>Nippon Paint AquaCare\u00ae Su Bazl\u0131 Son Kat Vernik, d\u0131\u015f cephe ah\u015fap y\u00fczeyler i\u00e7in geli\u015ftirilmi\u015f, akrilik dispersiyon bazl\u0131, g\u00fcne\u015fin UV \u0131\u015f\u0131nlar\u0131na kar\u015f\u0131 dayan\u0131kl\u0131 \u00f6zellik g\u00f6steren, neme kar\u015f\u0131 dayan\u0131kl\u0131 d\u0131\u015f cephe ah\u015fap verni\u011fidir. \u0130pek mat parlakl\u0131ktad\u0131r.<\/p>\n","protected":false},"featured_media":782,"comment_status":"open","ping_status":"closed","template":"","meta":[],"product_cat":[140,77],"product_tag":[],"class_list":{"0":"post-781","1":"product","2":"type-product","3":"status-publish","4":"has-post-thumbnail","6":"product_cat-aquacare-su-bazli-son-kat-vermik","7":"product_cat-nippon-paint-boya","9":"first","10":"instock","11":"shipping-taxable","12":"purchasable","13":"product-type-variable"},"_links":{"self":[{"href":"https:\/\/modebau.com.tr\/index.php?rest_route=\/wp\/v2\/product\/781","targetHints":{"allow":["GET"]}}],"collection":[{"href":"https:\/\/modebau.com.tr\/index.php?rest_route=\/wp\/v2\/product"}],"about":[{"href":"https:\/\/modebau.com.tr\/index.php?rest_route=\/wp\/v2\/types\/product"}],"replies":[{"embeddable":true,"href":"https:\/\/modebau.com.tr\/index.php?rest_route=%2Fwp%2Fv2%2Fcomments&post=781"}],"wp:featuredmedia":[{"embeddable":true,"href":"https:\/\/modebau.com.tr\/index.php?rest_route=\/wp\/v2\/media\/782"}],"wp:attachment":[{"href":"https:\/\/modebau.com.tr\/index.php?rest_route=%2Fwp%2Fv2%2Fmedia&parent=781"}],"wp:term":[{"taxonomy":"product_cat","embeddable":true,"href":"https:\/\/modebau.com.tr\/index.php?rest_route=%2Fwp%2Fv2%2Fproduct_cat&post=781"},{"taxonomy":"product_tag","embeddable":true,"href":"https:\/\/modebau.com.tr\/index.php?rest_route=%2Fwp%2Fv2%2Fproduct_tag&post=781"}],"curies":[{"name":"wp","href":"https:\/\/api.w.org\/{rel}","templated":true}]}}