{"id":938,"date":"2024-11-25T15:27:37","date_gmt":"2024-11-25T12:27:37","guid":{"rendered":"https:\/\/modebau.com.tr\/?post_type=product&#038;p=938"},"modified":"2025-04-18T11:24:41","modified_gmt":"2025-04-18T08:24:41","slug":"nippon-paint-calcino-mermer-dokulu-kaplama","status":"publish","type":"product","link":"https:\/\/modebau.com.tr\/?product=nippon-paint-calcino-mermer-dokulu-kaplama","title":{"rendered":"Nippon Paint Calcino Mermer Dokulu Kaplama"},"content":{"rendered":"<p><strong>\u00d6ZELL\u0130KLER\u0130<\/strong><br \/>\nY\u00fcksek dayan\u0131m kabiliyetine sahiptir. Kokusuzdur. D\u00fc\u015f\u00fck VoC i\u00e7erir. Uygulanan y\u00fczeyler ilave bir parlat\u0131c\u0131ya gerek kalmadan parlak bir yap\u0131 kazan\u0131r. Renk makinesinde renklenebilir<br \/>\n<strong>UYGULAMA<\/strong><br \/>\nMimarl\u0131k M\u00fchendislik Hizmeti veren <strong>AKER GROUP LTD. \u015eT\u0130.<\/strong> firmam\u0131z b\u00fcnyesinde bulunan Uzman Ekibimizden hizmet alabilirsiniz. Talep etmeniz durumunda uygulama e\u011fitim deste\u011fi ve \u00fcr\u00fcn uygulama detay bilgilendirmesi firmam\u0131z taraf\u0131ndan verilmektedir.<br \/>\n<strong>\u0130NCELTME<\/strong><br \/>\nKullan\u0131ma haz\u0131r.<br \/>\nKURUMA S\u00dcRES\u0130 (20\u00b0C, %65 HR\u2019de):<br \/>\nKatlar aras\u0131 4-5 saat<br \/>\n<strong>SARF\u0130YAT<\/strong><br \/>\nY\u00fczey d\u00fczg\u00fcnl\u00fc\u011f\u00fcne, emicili\u011fine ve uygulama metoduna ba\u011fl\u0131 olarak toplam uygulama sarfiyat\u0131 ortalama 300-450 g\/m\u00b2&#8217;dir.<br \/>\n<strong>AMBALAJ<\/strong><br \/>\n20 KG, 2.5 KG<\/p>\n","protected":false},"excerpt":{"rendered":"<p>Akrilik em\u00fclsiyon esasl\u0131, i\u00e7 cepheler i\u00e7in geli\u015ftirilmi\u015f, uyguland\u0131\u011f\u0131 y\u00fczeye mermer g\u00f6r\u00fcn\u00fcm\u00fc ve dokusu kazand\u0131ran duvar ve tavan kaplamas\u0131.<\/p>\n","protected":false},"featured_media":939,"comment_status":"open","ping_status":"closed","template":"","meta":[],"product_cat":[116,77,108],"product_tag":[],"class_list":{"0":"post-938","1":"product","2":"type-product","3":"status-publish","4":"has-post-thumbnail","6":"product_cat-calcino","7":"product_cat-nippon-paint-boya","8":"product_cat-ozel-efekt-urun-grubu","10":"first","11":"instock","12":"shipping-taxable","13":"purchasable","14":"product-type-variable","15":"has-default-attributes"},"_links":{"self":[{"href":"https:\/\/modebau.com.tr\/index.php?rest_route=\/wp\/v2\/product\/938","targetHints":{"allow":["GET"]}}],"collection":[{"href":"https:\/\/modebau.com.tr\/index.php?rest_route=\/wp\/v2\/product"}],"about":[{"href":"https:\/\/modebau.com.tr\/index.php?rest_route=\/wp\/v2\/types\/product"}],"replies":[{"embeddable":true,"href":"https:\/\/modebau.com.tr\/index.php?rest_route=%2Fwp%2Fv2%2Fcomments&post=938"}],"wp:featuredmedia":[{"embeddable":true,"href":"https:\/\/modebau.com.tr\/index.php?rest_route=\/wp\/v2\/media\/939"}],"wp:attachment":[{"href":"https:\/\/modebau.com.tr\/index.php?rest_route=%2Fwp%2Fv2%2Fmedia&parent=938"}],"wp:term":[{"taxonomy":"product_cat","embeddable":true,"href":"https:\/\/modebau.com.tr\/index.php?rest_route=%2Fwp%2Fv2%2Fproduct_cat&post=938"},{"taxonomy":"product_tag","embeddable":true,"href":"https:\/\/modebau.com.tr\/index.php?rest_route=%2Fwp%2Fv2%2Fproduct_tag&post=938"}],"curies":[{"name":"wp","href":"https:\/\/api.w.org\/{rel}","templated":true}]}}